{"id":913,"date":"2024-07-25T17:18:10","date_gmt":"2024-07-25T15:18:10","guid":{"rendered":"https:\/\/jonathanfavorel.fr\/?page_id=913"},"modified":"2025-11-29T18:09:30","modified_gmt":"2025-11-29T17:09:30","slug":"photographies","status":"publish","type":"page","link":"https:\/\/www.jonathanfavorel.fr\/?page_id=913","title":{"rendered":"Photographies"},"content":{"rendered":"<p>&nbsp;<\/p>\n<p><img decoding=\"async\" class=\"aligncenter wp-image-1262 size-large\" src=\"https:\/\/www.jonathanfavorel.fr\/wp-content\/uploads\/2025\/11\/Aja-7-1024x684.jpg\" alt=\"\" width=\"1024\" height=\"684\" srcset=\"https:\/\/www.jonathanfavorel.fr\/wp-content\/uploads\/2025\/11\/Aja-7-1024x684.jpg 1024w, https:\/\/www.jonathanfavorel.fr\/wp-content\/uploads\/2025\/11\/Aja-7-300x200.jpg 300w, https:\/\/www.jonathanfavorel.fr\/wp-content\/uploads\/2025\/11\/Aja-7-768x513.jpg 768w, https:\/\/www.jonathanfavorel.fr\/wp-content\/uploads\/2025\/11\/Aja-7-1536x1025.jpg 1536w, https:\/\/www.jonathanfavorel.fr\/wp-content\/uploads\/2025\/11\/Aja-7-2048x1367.jpg 2048w\" sizes=\"(max-width: 1024px) 100vw, 1024px\" \/><\/p>\n<p style=\"text-align: center;\">Alexandre Aja, Festival Europ\u00e9en du Film Fantastique (Strasbourg), 2025<\/p>\n<p>&nbsp;<\/p>\n<p style=\"text-align: center;\"><img decoding=\"async\" class=\"aligncenter wp-image-1264 size-large\" src=\"https:\/\/www.jonathanfavorel.fr\/wp-content\/uploads\/2025\/11\/Serebrennikov-3-738x1024.jpg\" alt=\"\" width=\"738\" height=\"1024\" srcset=\"https:\/\/www.jonathanfavorel.fr\/wp-content\/uploads\/2025\/11\/Serebrennikov-3-738x1024.jpg 738w, https:\/\/www.jonathanfavorel.fr\/wp-content\/uploads\/2025\/11\/Serebrennikov-3-216x300.jpg 216w, https:\/\/www.jonathanfavorel.fr\/wp-content\/uploads\/2025\/11\/Serebrennikov-3-768x1066.jpg 768w, https:\/\/www.jonathanfavorel.fr\/wp-content\/uploads\/2025\/11\/Serebrennikov-3-1107x1536.jpg 1107w, https:\/\/www.jonathanfavorel.fr\/wp-content\/uploads\/2025\/11\/Serebrennikov-3-1476x2048.jpg 1476w, https:\/\/www.jonathanfavorel.fr\/wp-content\/uploads\/2025\/11\/Serebrennikov-3.jpg 1767w\" sizes=\"(max-width: 738px) 100vw, 738px\" \/><\/p>\n<p style=\"text-align: center;\">Kirill Serebrennikov, avant-premi\u00e8re de son film <em>La Disparition du Dr Mengele<\/em>, 2025&nbsp;<\/p>\n<p style=\"text-align: center;\"><span style=\"color: #ffcc00; font-size: 14pt;\"><strong>Horschamps, Rencontres de Cin\u00e9ma<\/strong><\/span><\/p>\n<p style=\"text-align: center;\"><img decoding=\"async\" class=\"aligncenter wp-image-988 size-large\" src=\"http:\/\/jonathanfavorel.fr\/wp-content\/uploads\/2024\/07\/DSC0468-744x1024.jpg\" alt=\"\" width=\"744\" height=\"1024\" srcset=\"https:\/\/www.jonathanfavorel.fr\/wp-content\/uploads\/2024\/07\/DSC0468-744x1024.jpg 744w, https:\/\/www.jonathanfavorel.fr\/wp-content\/uploads\/2024\/07\/DSC0468-218x300.jpg 218w, https:\/\/www.jonathanfavorel.fr\/wp-content\/uploads\/2024\/07\/DSC0468-768x1057.jpg 768w, https:\/\/www.jonathanfavorel.fr\/wp-content\/uploads\/2024\/07\/DSC0468-1116x1536.jpg 1116w, https:\/\/www.jonathanfavorel.fr\/wp-content\/uploads\/2024\/07\/DSC0468-1488x2048.jpg 1488w, https:\/\/www.jonathanfavorel.fr\/wp-content\/uploads\/2024\/07\/DSC0468-scaled.jpg 1861w\" sizes=\"(max-width: 744px) 100vw, 744px\" \/><\/p>\n<p style=\"text-align: center;\"><img decoding=\"async\" class=\"aligncenter wp-image-981 size-large\" src=\"http:\/\/jonathanfavorel.fr\/wp-content\/uploads\/2024\/07\/JF_Horschamp_NB-1024x684.jpg\" alt=\"\" width=\"1024\" height=\"684\" srcset=\"https:\/\/www.jonathanfavorel.fr\/wp-content\/uploads\/2024\/07\/JF_Horschamp_NB-1024x684.jpg 1024w, https:\/\/www.jonathanfavorel.fr\/wp-content\/uploads\/2024\/07\/JF_Horschamp_NB-300x200.jpg 300w, https:\/\/www.jonathanfavorel.fr\/wp-content\/uploads\/2024\/07\/JF_Horschamp_NB-768x513.jpg 768w, https:\/\/www.jonathanfavorel.fr\/wp-content\/uploads\/2024\/07\/JF_Horschamp_NB.jpg 1080w\" sizes=\"(max-width: 1024px) 100vw, 1024px\" \/><\/p>\n<p style=\"text-align: center;\"><img decoding=\"async\" class=\"aligncenter wp-image-985 size-large\" src=\"http:\/\/jonathanfavorel.fr\/wp-content\/uploads\/2024\/07\/FAVOREL_Horschamp_Devos-25-725x1024.jpg\" alt=\"\" width=\"725\" height=\"1024\" srcset=\"https:\/\/www.jonathanfavorel.fr\/wp-content\/uploads\/2024\/07\/FAVOREL_Horschamp_Devos-25-725x1024.jpg 725w, https:\/\/www.jonathanfavorel.fr\/wp-content\/uploads\/2024\/07\/FAVOREL_Horschamp_Devos-25-212x300.jpg 212w, https:\/\/www.jonathanfavorel.fr\/wp-content\/uploads\/2024\/07\/FAVOREL_Horschamp_Devos-25-768x1085.jpg 768w, https:\/\/www.jonathanfavorel.fr\/wp-content\/uploads\/2024\/07\/FAVOREL_Horschamp_Devos-25-1087x1536.jpg 1087w, https:\/\/www.jonathanfavorel.fr\/wp-content\/uploads\/2024\/07\/FAVOREL_Horschamp_Devos-25.jpg 1308w\" sizes=\"(max-width: 725px) 100vw, 725px\" \/><\/p>\n<p style=\"text-align: center;\"><img decoding=\"async\" class=\"aligncenter wp-image-986 size-large\" src=\"http:\/\/jonathanfavorel.fr\/wp-content\/uploads\/2024\/07\/Chapiron_Busters-JF-23-1024x684.jpg\" alt=\"\" width=\"1024\" height=\"684\" srcset=\"https:\/\/www.jonathanfavorel.fr\/wp-content\/uploads\/2024\/07\/Chapiron_Busters-JF-23-1024x684.jpg 1024w, https:\/\/www.jonathanfavorel.fr\/wp-content\/uploads\/2024\/07\/Chapiron_Busters-JF-23-300x200.jpg 300w, https:\/\/www.jonathanfavorel.fr\/wp-content\/uploads\/2024\/07\/Chapiron_Busters-JF-23-768x513.jpg 768w, https:\/\/www.jonathanfavorel.fr\/wp-content\/uploads\/2024\/07\/Chapiron_Busters-JF-23-1536x1026.jpg 1536w, https:\/\/www.jonathanfavorel.fr\/wp-content\/uploads\/2024\/07\/Chapiron_Busters-JF-23-2048x1368.jpg 2048w\" sizes=\"(max-width: 1024px) 100vw, 1024px\" \/><\/p>\n<p style=\"text-align: center;\"><span style=\"font-size: 10pt;\">Le lien du site <span style=\"color: #fcb900;\"><strong><a href=\"https:\/\/www.horschampfrance.com\/\" target=\"_blank\" rel=\"noopener\">ICI<\/a><\/strong><\/span><\/span><\/p>\n<p style=\"text-align: center;\"><span style=\"font-size: 10pt;\">Photographies: Jonathan Favorel<\/span><\/p>\n<p style=\"text-align: center;\"><strong><span style=\"font-size: 14pt; color: #fcb900;\">Clip Alexander, 2018<\/span><\/strong><\/p>\n<p style=\"text-align: center;\"><img decoding=\"async\" class=\"aligncenter wp-image-916 size-large\" src=\"http:\/\/jonathanfavorel.fr\/wp-content\/uploads\/2024\/07\/Alexander-bts-24-1024x683.jpg\" alt=\"\" width=\"1024\" height=\"683\" srcset=\"https:\/\/www.jonathanfavorel.fr\/wp-content\/uploads\/2024\/07\/Alexander-bts-24-1024x683.jpg 1024w, https:\/\/www.jonathanfavorel.fr\/wp-content\/uploads\/2024\/07\/Alexander-bts-24-300x200.jpg 300w, https:\/\/www.jonathanfavorel.fr\/wp-content\/uploads\/2024\/07\/Alexander-bts-24-768x512.jpg 768w, https:\/\/www.jonathanfavorel.fr\/wp-content\/uploads\/2024\/07\/Alexander-bts-24-1536x1024.jpg 1536w, https:\/\/www.jonathanfavorel.fr\/wp-content\/uploads\/2024\/07\/Alexander-bts-24-2048x1365.jpg 2048w\" sizes=\"(max-width: 1024px) 100vw, 1024px\" \/><span style=\"font-size: 10pt;\">Le clip <strong><span style=\"color: #fcb900;\"><a style=\"color: #fcb900;\" href=\"https:\/\/www.youtube.com\/watch?v=1FYKPbtrQBc\" target=\"_blank\" rel=\"noopener\">ICI<\/a><\/span><\/strong><\/span><\/p>\n<p style=\"text-align: center;\"><span style=\"font-size: 10pt;\">Photographies de Plateau: Jonathan Favorel<\/span><\/p>\n<p style=\"text-align: center;\"><strong><span style=\"font-size: 14pt; color: #fcb900;\">Trauma Industries, 2017<\/span><\/strong><\/p>\n<p><img decoding=\"async\" class=\"aligncenter wp-image-969 size-full\" src=\"http:\/\/jonathanfavorel.fr\/wp-content\/uploads\/2024\/07\/Trauma-Ind-7.jpg\" alt=\"\" width=\"776\" height=\"450\" srcset=\"https:\/\/www.jonathanfavorel.fr\/wp-content\/uploads\/2024\/07\/Trauma-Ind-7.jpg 776w, https:\/\/www.jonathanfavorel.fr\/wp-content\/uploads\/2024\/07\/Trauma-Ind-7-300x174.jpg 300w, https:\/\/www.jonathanfavorel.fr\/wp-content\/uploads\/2024\/07\/Trauma-Ind-7-768x445.jpg 768w\" sizes=\"(max-width: 776px) 100vw, 776px\" \/><\/p>\n<p style=\"text-align: center;\"><span style=\"font-size: 10pt;\">Le lien du film <span style=\"color: #fcb900;\"><strong><a style=\"color: #fcb900;\" href=\"https:\/\/traumaindustries.wixsite.com\/trauma\/the-film\" target=\"_blank\" rel=\"noopener\">ICI<\/a><\/strong><\/span><\/span><\/p>\n<p style=\"text-align: center;\"><span style=\"font-size: 10pt;\">Photographies de Plateau: Jonathan Favorel<\/span><\/p>\n<p style=\"text-align: center;\"><strong><span style=\"font-size: 14pt; color: #fcb900;\">Paris Panga, 2017<\/span><\/strong><\/p>\n<p style=\"text-align: center;\"><img decoding=\"async\" class=\"aligncenter wp-image-993 size-large\" src=\"http:\/\/jonathanfavorel.fr\/wp-content\/uploads\/2024\/07\/Paris-Panga_JF_Avr17-6-684x1024.jpg\" alt=\"\" width=\"684\" height=\"1024\" srcset=\"https:\/\/www.jonathanfavorel.fr\/wp-content\/uploads\/2024\/07\/Paris-Panga_JF_Avr17-6-684x1024.jpg 684w, https:\/\/www.jonathanfavorel.fr\/wp-content\/uploads\/2024\/07\/Paris-Panga_JF_Avr17-6-200x300.jpg 200w, https:\/\/www.jonathanfavorel.fr\/wp-content\/uploads\/2024\/07\/Paris-Panga_JF_Avr17-6-768x1150.jpg 768w, https:\/\/www.jonathanfavorel.fr\/wp-content\/uploads\/2024\/07\/Paris-Panga_JF_Avr17-6-1026x1536.jpg 1026w, https:\/\/www.jonathanfavorel.fr\/wp-content\/uploads\/2024\/07\/Paris-Panga_JF_Avr17-6-1368x2048.jpg 1368w, https:\/\/www.jonathanfavorel.fr\/wp-content\/uploads\/2024\/07\/Paris-Panga_JF_Avr17-6-scaled.jpg 1710w\" sizes=\"(max-width: 684px) 100vw, 684px\" \/><\/p>\n<p style=\"text-align: center;\"><span style=\"font-size: 10pt;\">Photographies: Jonathan Favorel<\/span><\/p>\n<p style=\"text-align: center;\"><span style=\"color: #fcb900;\"><strong><span style=\"font-size: 14pt;\">Voyage &#8211; Russie<\/span><\/strong><\/span><\/p>\n<p style=\"text-align: center;\"><img decoding=\"async\" class=\"aligncenter wp-image-999 size-full\" src=\"http:\/\/jonathanfavorel.fr\/wp-content\/uploads\/2024\/07\/JF_Russie_Couple.jpg\" alt=\"\" width=\"435\" height=\"589\" srcset=\"https:\/\/www.jonathanfavorel.fr\/wp-content\/uploads\/2024\/07\/JF_Russie_Couple.jpg 435w, https:\/\/www.jonathanfavorel.fr\/wp-content\/uploads\/2024\/07\/JF_Russie_Couple-222x300.jpg 222w\" sizes=\"(max-width: 435px) 100vw, 435px\" \/><\/p>\n<p style=\"text-align: center;\"><span style=\"color: #fcb900;\"><strong><span style=\"font-size: 14pt;\">Voyage &#8211; Gr\u00e8ce<\/span><\/strong><\/span><\/p>\n<p><img decoding=\"async\" class=\"wp-image-998 size-full aligncenter\" src=\"http:\/\/jonathanfavorel.fr\/wp-content\/uploads\/2024\/07\/128254547_o.jpg\" alt=\"\" width=\"640\" height=\"480\" srcset=\"https:\/\/www.jonathanfavorel.fr\/wp-content\/uploads\/2024\/07\/128254547_o.jpg 640w, https:\/\/www.jonathanfavorel.fr\/wp-content\/uploads\/2024\/07\/128254547_o-300x225.jpg 300w\" sizes=\"(max-width: 640px) 100vw, 640px\" \/><\/p>\n","protected":false},"excerpt":{"rendered":"<p>&nbsp; Alexandre Aja, Festival Europ\u00e9en du Film Fantastique (Strasbourg), 2025 &nbsp; Kirill Serebrennikov, avant-premi\u00e8re de son film La Disparition du Dr Mengele, 2025&nbsp; Horschamps, Rencontres de Cin\u00e9ma Le lien du site ICI Photographies: Jonathan Favorel Clip Alexander, 2018 Le clip ICI Photographies de Plateau: Jonathan Favorel Trauma Industries, 2017 Le lien du film ICI Photographies [&hellip;]<\/p>\n","protected":false},"author":1,"featured_media":0,"parent":0,"menu_order":0,"comment_status":"closed","ping_status":"closed","template":"","meta":{"ngg_post_thumbnail":0,"footnotes":""},"class_list":["post-913","page","type-page","status-publish","hentry"],"yoast_head":"<!-- This site is optimized with the Yoast SEO plugin v27.0 - https:\/\/yoast.com\/product\/yoast-seo-wordpress\/ -->\n<title>Photographies - Jonathan Favorel<\/title>\n<meta name=\"robots\" content=\"index, follow, max-snippet:-1, max-image-preview:large, max-video-preview:-1\" \/>\n<link rel=\"canonical\" href=\"https:\/\/www.jonathanfavorel.fr\/?page_id=913\" \/>\n<meta property=\"og:locale\" content=\"fr_FR\" \/>\n<meta property=\"og:type\" content=\"article\" \/>\n<meta property=\"og:title\" content=\"Photographies - Jonathan Favorel\" \/>\n<meta property=\"og:description\" content=\"&nbsp; Alexandre Aja, Festival Europ\u00e9en du Film Fantastique (Strasbourg), 2025 &nbsp; Kirill Serebrennikov, avant-premi\u00e8re de son film La Disparition du Dr Mengele, 2025&nbsp; Horschamps, Rencontres de Cin\u00e9ma Le lien du site ICI Photographies: Jonathan Favorel Clip Alexander, 2018 Le clip ICI Photographies de Plateau: Jonathan Favorel Trauma Industries, 2017 Le lien du film ICI Photographies [&hellip;]\" \/>\n<meta property=\"og:url\" content=\"https:\/\/www.jonathanfavorel.fr\/?page_id=913\" \/>\n<meta property=\"og:site_name\" content=\"Jonathan Favorel\" \/>\n<meta property=\"article:modified_time\" content=\"2025-11-29T17:09:30+00:00\" \/>\n<meta property=\"og:image\" content=\"https:\/\/www.jonathanfavorel.fr\/wp-content\/uploads\/2025\/11\/Aja-7-1024x684.jpg\" \/>\n\t<meta property=\"og:image:width\" content=\"1024\" \/>\n\t<meta property=\"og:image:height\" content=\"684\" \/>\n\t<meta property=\"og:image:type\" content=\"image\/jpeg\" \/>\n<meta name=\"twitter:card\" content=\"summary_large_image\" \/>\n<meta name=\"twitter:label1\" content=\"Dur\u00e9e de lecture estim\u00e9e\" \/>\n\t<meta name=\"twitter:data1\" content=\"3 minutes\" \/>\n<script type=\"application\/ld+json\" class=\"yoast-schema-graph\">{\"@context\":\"https:\/\/schema.org\",\"@graph\":[{\"@type\":\"WebPage\",\"@id\":\"https:\/\/www.jonathanfavorel.fr\/?page_id=913\",\"url\":\"https:\/\/www.jonathanfavorel.fr\/?page_id=913\",\"name\":\"Photographies - Jonathan Favorel\",\"isPartOf\":{\"@id\":\"https:\/\/www.jonathanfavorel.fr\/#website\"},\"primaryImageOfPage\":{\"@id\":\"https:\/\/www.jonathanfavorel.fr\/?page_id=913#primaryimage\"},\"image\":{\"@id\":\"https:\/\/www.jonathanfavorel.fr\/?page_id=913#primaryimage\"},\"thumbnailUrl\":\"https:\/\/www.jonathanfavorel.fr\/wp-content\/uploads\/2025\/11\/Aja-7-1024x684.jpg\",\"datePublished\":\"2024-07-25T15:18:10+00:00\",\"dateModified\":\"2025-11-29T17:09:30+00:00\",\"breadcrumb\":{\"@id\":\"https:\/\/www.jonathanfavorel.fr\/?page_id=913#breadcrumb\"},\"inLanguage\":\"fr-FR\",\"potentialAction\":[{\"@type\":\"ReadAction\",\"target\":[\"https:\/\/www.jonathanfavorel.fr\/?page_id=913\"]}]},{\"@type\":\"ImageObject\",\"inLanguage\":\"fr-FR\",\"@id\":\"https:\/\/www.jonathanfavorel.fr\/?page_id=913#primaryimage\",\"url\":\"https:\/\/www.jonathanfavorel.fr\/wp-content\/uploads\/2025\/11\/Aja-7.jpg\",\"contentUrl\":\"https:\/\/www.jonathanfavorel.fr\/wp-content\/uploads\/2025\/11\/Aja-7.jpg\",\"width\":2768,\"height\":1848},{\"@type\":\"BreadcrumbList\",\"@id\":\"https:\/\/www.jonathanfavorel.fr\/?page_id=913#breadcrumb\",\"itemListElement\":[{\"@type\":\"ListItem\",\"position\":1,\"name\":\"Accueil\",\"item\":\"https:\/\/www.jonathanfavorel.fr\/\"},{\"@type\":\"ListItem\",\"position\":2,\"name\":\"Photographies\"}]},{\"@type\":\"WebSite\",\"@id\":\"https:\/\/www.jonathanfavorel.fr\/#website\",\"url\":\"https:\/\/www.jonathanfavorel.fr\/\",\"name\":\"Jonathan Favorel\",\"description\":\"R\u00e9alisation Vid\u00e9o \/ Postproduction\",\"potentialAction\":[{\"@type\":\"SearchAction\",\"target\":{\"@type\":\"EntryPoint\",\"urlTemplate\":\"https:\/\/www.jonathanfavorel.fr\/?s={search_term_string}\"},\"query-input\":{\"@type\":\"PropertyValueSpecification\",\"valueRequired\":true,\"valueName\":\"search_term_string\"}}],\"inLanguage\":\"fr-FR\"}]}<\/script>\n<!-- \/ Yoast SEO plugin. -->","yoast_head_json":{"title":"Photographies - Jonathan Favorel","robots":{"index":"index","follow":"follow","max-snippet":"max-snippet:-1","max-image-preview":"max-image-preview:large","max-video-preview":"max-video-preview:-1"},"canonical":"https:\/\/www.jonathanfavorel.fr\/?page_id=913","og_locale":"fr_FR","og_type":"article","og_title":"Photographies - Jonathan Favorel","og_description":"&nbsp; Alexandre Aja, Festival Europ\u00e9en du Film Fantastique (Strasbourg), 2025 &nbsp; Kirill Serebrennikov, avant-premi\u00e8re de son film La Disparition du Dr Mengele, 2025&nbsp; Horschamps, Rencontres de Cin\u00e9ma Le lien du site ICI Photographies: Jonathan Favorel Clip Alexander, 2018 Le clip ICI Photographies de Plateau: Jonathan Favorel Trauma Industries, 2017 Le lien du film ICI Photographies [&hellip;]","og_url":"https:\/\/www.jonathanfavorel.fr\/?page_id=913","og_site_name":"Jonathan Favorel","article_modified_time":"2025-11-29T17:09:30+00:00","og_image":[{"width":1024,"height":684,"url":"https:\/\/www.jonathanfavorel.fr\/wp-content\/uploads\/2025\/11\/Aja-7-1024x684.jpg","type":"image\/jpeg"}],"twitter_card":"summary_large_image","twitter_misc":{"Dur\u00e9e de lecture estim\u00e9e":"3 minutes"},"schema":{"@context":"https:\/\/schema.org","@graph":[{"@type":"WebPage","@id":"https:\/\/www.jonathanfavorel.fr\/?page_id=913","url":"https:\/\/www.jonathanfavorel.fr\/?page_id=913","name":"Photographies - Jonathan Favorel","isPartOf":{"@id":"https:\/\/www.jonathanfavorel.fr\/#website"},"primaryImageOfPage":{"@id":"https:\/\/www.jonathanfavorel.fr\/?page_id=913#primaryimage"},"image":{"@id":"https:\/\/www.jonathanfavorel.fr\/?page_id=913#primaryimage"},"thumbnailUrl":"https:\/\/www.jonathanfavorel.fr\/wp-content\/uploads\/2025\/11\/Aja-7-1024x684.jpg","datePublished":"2024-07-25T15:18:10+00:00","dateModified":"2025-11-29T17:09:30+00:00","breadcrumb":{"@id":"https:\/\/www.jonathanfavorel.fr\/?page_id=913#breadcrumb"},"inLanguage":"fr-FR","potentialAction":[{"@type":"ReadAction","target":["https:\/\/www.jonathanfavorel.fr\/?page_id=913"]}]},{"@type":"ImageObject","inLanguage":"fr-FR","@id":"https:\/\/www.jonathanfavorel.fr\/?page_id=913#primaryimage","url":"https:\/\/www.jonathanfavorel.fr\/wp-content\/uploads\/2025\/11\/Aja-7.jpg","contentUrl":"https:\/\/www.jonathanfavorel.fr\/wp-content\/uploads\/2025\/11\/Aja-7.jpg","width":2768,"height":1848},{"@type":"BreadcrumbList","@id":"https:\/\/www.jonathanfavorel.fr\/?page_id=913#breadcrumb","itemListElement":[{"@type":"ListItem","position":1,"name":"Accueil","item":"https:\/\/www.jonathanfavorel.fr\/"},{"@type":"ListItem","position":2,"name":"Photographies"}]},{"@type":"WebSite","@id":"https:\/\/www.jonathanfavorel.fr\/#website","url":"https:\/\/www.jonathanfavorel.fr\/","name":"Jonathan Favorel","description":"R\u00e9alisation Vid\u00e9o \/ Postproduction","potentialAction":[{"@type":"SearchAction","target":{"@type":"EntryPoint","urlTemplate":"https:\/\/www.jonathanfavorel.fr\/?s={search_term_string}"},"query-input":{"@type":"PropertyValueSpecification","valueRequired":true,"valueName":"search_term_string"}}],"inLanguage":"fr-FR"}]}},"jetpack_sharing_enabled":true,"_links":{"self":[{"href":"https:\/\/www.jonathanfavorel.fr\/index.php?rest_route=\/wp\/v2\/pages\/913","targetHints":{"allow":["GET"]}}],"collection":[{"href":"https:\/\/www.jonathanfavorel.fr\/index.php?rest_route=\/wp\/v2\/pages"}],"about":[{"href":"https:\/\/www.jonathanfavorel.fr\/index.php?rest_route=\/wp\/v2\/types\/page"}],"author":[{"embeddable":true,"href":"https:\/\/www.jonathanfavorel.fr\/index.php?rest_route=\/wp\/v2\/users\/1"}],"replies":[{"embeddable":true,"href":"https:\/\/www.jonathanfavorel.fr\/index.php?rest_route=%2Fwp%2Fv2%2Fcomments&post=913"}],"version-history":[{"count":42,"href":"https:\/\/www.jonathanfavorel.fr\/index.php?rest_route=\/wp\/v2\/pages\/913\/revisions"}],"predecessor-version":[{"id":1265,"href":"https:\/\/www.jonathanfavorel.fr\/index.php?rest_route=\/wp\/v2\/pages\/913\/revisions\/1265"}],"wp:attachment":[{"href":"https:\/\/www.jonathanfavorel.fr\/index.php?rest_route=%2Fwp%2Fv2%2Fmedia&parent=913"}],"curies":[{"name":"wp","href":"https:\/\/api.w.org\/{rel}","templated":true}]}}