{"id":82,"date":"2024-06-26T16:09:48","date_gmt":"2024-06-26T14:09:48","guid":{"rendered":"https:\/\/jonathanfavorel.fr\/?page_id=82"},"modified":"2024-07-25T19:10:09","modified_gmt":"2024-07-25T17:10:09","slug":"_","status":"publish","type":"page","link":"https:\/\/www.jonathanfavorel.fr\/","title":{"rendered":""},"content":{"rendered":"<p style=\"text-align: center;\"><iframe loading=\"lazy\" title=\"SHOWREEL 2021 JONATHAN FAVOREL\" src=\"https:\/\/makertube.net\/videos\/embed\/5d74ec9b-e3f1-4685-9f26-5b84152cab01?muted=1&amp;warningTitle=0&amp;peertubeLink=0&amp;p2p=0\" width=\"560\" height=\"315\" frameborder=\"0\" sandbox=\"allow-same-origin allow-scripts allow-popups allow-forms\" allowfullscreen=\"allowfullscreen\"><\/iframe>&nbsp;<\/p>\n<p style=\"text-align: center;\">\u00ab\u00a0<em>Savoir-Faire, Qualit\u00e9 du Rendu, Polyvalence &amp; Proximit\u00e9, pour vous\u00a0\u00bb<\/em><\/p>\n<p style=\"text-align: center;\">Cette bande-d\u00e9mo pr\u00e9sente mon exp\u00e9rience dans le milieu audiovisuel, o\u00f9 j&rsquo;ai tenu <strong>des r\u00f4les vari\u00e9s et compl\u00e9mentaires<\/strong>, notamment monteur image, cadreur et photographe.&nbsp;Passionn\u00e9, polyvalent et rigoureux, j&rsquo;ai pu parfaire mon savoir-faire, et mon mat\u00e9riel de qualit\u00e9 professionnelle, pour toujours viser le meilleur rendu \u00e0 l&rsquo;image, \u00e0 la satisfaction de mes collaborateurs.&nbsp;J\u2019ai de solides connaissances et une bonne exp\u00e9rience dans le domaine de l\u2019image et de son esth\u00e9tique. Ayant travaill\u00e9 en freelance et en \u00e9quipe, je suis curieux et tenace pour poursuivre !<\/p>\n<p style=\"text-align: center;\"><span style=\"color: #fcb900; font-size: 14pt;\"><strong>PRESTATIONS \/ TARIFS<\/strong><\/span><\/p>\n<p class=\"western\" style=\"text-align: center;\">Je suis ouvert \u00e0 tout type de projets: film promotionnel, film de communication, corporate \/ institutionnel, film documentaire, film de fiction, vid\u00e9oclip, interviews, couverture \u00e9v\u00e9nementielle, captation, performance artistique, souvenir, projet personnel&#8230;&nbsp;<strong>Habitant en&nbsp;\u00cele-de-France<\/strong>, j&rsquo;utilise notamment les logiciels Premi\u00e8re Pro, After, Resolve. Je dispose de plusieurs capteurs, objectifs, micros, \u00e9clairages, stabilisateurs, tr\u00e9pieds&#8230;&nbsp;<\/p>\n<p class=\"western\" style=\"text-align: center;\">Envie de faire appel \u00e0 mes services ?<\/p>\n<p style=\"text-align: center;\">Mes prix varient <strong>entre 250 et 500 euros\/jour<\/strong>, selon la nature du projet (technicit\u00e9, d\u00e9lais, moyens \u00e0 mettre en oeuvre, modifications pr\u00e9vues en postproduction). Je facture aussi le projet de fa\u00e7on forfaitaire. Je ne m\u00e9lange jamais les projets vid\u00e9os et photo.&nbsp;Il conviendra en premier lieu de nous accorder sans ambigu\u00eft\u00e9 sur&nbsp;<strong>vos intentions<\/strong> \/ vos d\u00e9sirs \/ vos besoins, sur le contenu que je peux fabriquer pour vous et sur le processus g\u00e9n\u00e9ral. Je suis susceptible de r\u00e9clamer en amont la signature d&rsquo;un devis et\/ou de r\u00e9clamer un accompte, surtout en cas de projet de moyen\/long terme.<\/p>\n<p style=\"text-align: center;\"><span style=\"font-size: 14pt; color: #fcb900;\"><strong>Un prix convenu pour un projet convenu.&nbsp;<\/strong><\/span><\/p>\n<p style=\"text-align: center;\">Pour toute prise de contact, question, demande de devis,<\/p>\n<p style=\"text-align: center;\">c&rsquo;est <span style=\"color: #fcb900;\"><a style=\"color: #fcb900;\" href=\"https:\/\/jonathanfavorel.fr\/?page_id=906\" target=\"_blank\" rel=\"noopener\"><strong>I<span style=\"color: #fcb900;\">CI<\/span><\/strong><\/a><\/span><\/p>\n","protected":false},"excerpt":{"rendered":"<p>&nbsp; \u00ab\u00a0Savoir-Faire, Qualit\u00e9 du Rendu, Polyvalence &amp; Proximit\u00e9, pour vous\u00a0\u00bb Cette bande-d\u00e9mo pr\u00e9sente mon exp\u00e9rience dans le milieu audiovisuel, o\u00f9 j&rsquo;ai tenu des r\u00f4les vari\u00e9s et compl\u00e9mentaires, notamment monteur image, cadreur et photographe.&nbsp;Passionn\u00e9, polyvalent et rigoureux, j&rsquo;ai pu parfaire mon savoir-faire, et mon mat\u00e9riel de qualit\u00e9 professionnelle, pour toujours viser le meilleur rendu \u00e0 l&rsquo;image, [&hellip;]<\/p>\n","protected":false},"author":1,"featured_media":0,"parent":0,"menu_order":0,"comment_status":"closed","ping_status":"closed","template":"","meta":{"ngg_post_thumbnail":0,"footnotes":""},"class_list":["post-82","page","type-page","status-publish","hentry"],"yoast_head":"<!-- This site is optimized with the Yoast SEO plugin v27.0 - https:\/\/yoast.com\/product\/yoast-seo-wordpress\/ -->\n<title>- Jonathan Favorel<\/title>\n<meta name=\"robots\" content=\"index, follow, max-snippet:-1, max-image-preview:large, max-video-preview:-1\" \/>\n<link rel=\"canonical\" href=\"https:\/\/www.jonathanfavorel.fr\/\" \/>\n<meta property=\"og:locale\" content=\"fr_FR\" \/>\n<meta property=\"og:type\" content=\"article\" \/>\n<meta property=\"og:title\" content=\"- Jonathan Favorel\" \/>\n<meta property=\"og:description\" content=\"&nbsp; \u00ab\u00a0Savoir-Faire, Qualit\u00e9 du Rendu, Polyvalence &amp; Proximit\u00e9, pour vous\u00a0\u00bb Cette bande-d\u00e9mo pr\u00e9sente mon exp\u00e9rience dans le milieu audiovisuel, o\u00f9 j&rsquo;ai tenu des r\u00f4les vari\u00e9s et compl\u00e9mentaires, notamment monteur image, cadreur et photographe.&nbsp;Passionn\u00e9, polyvalent et rigoureux, j&rsquo;ai pu parfaire mon savoir-faire, et mon mat\u00e9riel de qualit\u00e9 professionnelle, pour toujours viser le meilleur rendu \u00e0 l&rsquo;image, [&hellip;]\" \/>\n<meta property=\"og:url\" content=\"https:\/\/www.jonathanfavorel.fr\/\" \/>\n<meta property=\"og:site_name\" content=\"Jonathan Favorel\" \/>\n<meta property=\"article:modified_time\" content=\"2024-07-25T17:10:09+00:00\" \/>\n<meta name=\"twitter:card\" content=\"summary_large_image\" \/>\n<meta name=\"twitter:label1\" content=\"Dur\u00e9e de lecture estim\u00e9e\" \/>\n\t<meta name=\"twitter:data1\" content=\"2 minutes\" \/>\n<script type=\"application\/ld+json\" class=\"yoast-schema-graph\">{\"@context\":\"https:\/\/schema.org\",\"@graph\":[{\"@type\":\"WebPage\",\"@id\":\"https:\/\/www.jonathanfavorel.fr\/\",\"url\":\"https:\/\/www.jonathanfavorel.fr\/\",\"name\":\"- Jonathan Favorel\",\"isPartOf\":{\"@id\":\"https:\/\/www.jonathanfavorel.fr\/#website\"},\"datePublished\":\"2024-06-26T14:09:48+00:00\",\"dateModified\":\"2024-07-25T17:10:09+00:00\",\"inLanguage\":\"fr-FR\",\"potentialAction\":[{\"@type\":\"ReadAction\",\"target\":[\"https:\/\/www.jonathanfavorel.fr\/\"]}]},{\"@type\":\"WebSite\",\"@id\":\"https:\/\/www.jonathanfavorel.fr\/#website\",\"url\":\"https:\/\/www.jonathanfavorel.fr\/\",\"name\":\"Jonathan Favorel\",\"description\":\"R\u00e9alisation Vid\u00e9o \/ Postproduction\",\"potentialAction\":[{\"@type\":\"SearchAction\",\"target\":{\"@type\":\"EntryPoint\",\"urlTemplate\":\"https:\/\/www.jonathanfavorel.fr\/?s={search_term_string}\"},\"query-input\":{\"@type\":\"PropertyValueSpecification\",\"valueRequired\":true,\"valueName\":\"search_term_string\"}}],\"inLanguage\":\"fr-FR\"}]}<\/script>\n<!-- \/ Yoast SEO plugin. -->","yoast_head_json":{"title":"- Jonathan Favorel","robots":{"index":"index","follow":"follow","max-snippet":"max-snippet:-1","max-image-preview":"max-image-preview:large","max-video-preview":"max-video-preview:-1"},"canonical":"https:\/\/www.jonathanfavorel.fr\/","og_locale":"fr_FR","og_type":"article","og_title":"- Jonathan Favorel","og_description":"&nbsp; \u00ab\u00a0Savoir-Faire, Qualit\u00e9 du Rendu, Polyvalence &amp; Proximit\u00e9, pour vous\u00a0\u00bb Cette bande-d\u00e9mo pr\u00e9sente mon exp\u00e9rience dans le milieu audiovisuel, o\u00f9 j&rsquo;ai tenu des r\u00f4les vari\u00e9s et compl\u00e9mentaires, notamment monteur image, cadreur et photographe.&nbsp;Passionn\u00e9, polyvalent et rigoureux, j&rsquo;ai pu parfaire mon savoir-faire, et mon mat\u00e9riel de qualit\u00e9 professionnelle, pour toujours viser le meilleur rendu \u00e0 l&rsquo;image, [&hellip;]","og_url":"https:\/\/www.jonathanfavorel.fr\/","og_site_name":"Jonathan Favorel","article_modified_time":"2024-07-25T17:10:09+00:00","twitter_card":"summary_large_image","twitter_misc":{"Dur\u00e9e de lecture estim\u00e9e":"2 minutes"},"schema":{"@context":"https:\/\/schema.org","@graph":[{"@type":"WebPage","@id":"https:\/\/www.jonathanfavorel.fr\/","url":"https:\/\/www.jonathanfavorel.fr\/","name":"- Jonathan Favorel","isPartOf":{"@id":"https:\/\/www.jonathanfavorel.fr\/#website"},"datePublished":"2024-06-26T14:09:48+00:00","dateModified":"2024-07-25T17:10:09+00:00","inLanguage":"fr-FR","potentialAction":[{"@type":"ReadAction","target":["https:\/\/www.jonathanfavorel.fr\/"]}]},{"@type":"WebSite","@id":"https:\/\/www.jonathanfavorel.fr\/#website","url":"https:\/\/www.jonathanfavorel.fr\/","name":"Jonathan Favorel","description":"R\u00e9alisation Vid\u00e9o \/ Postproduction","potentialAction":[{"@type":"SearchAction","target":{"@type":"EntryPoint","urlTemplate":"https:\/\/www.jonathanfavorel.fr\/?s={search_term_string}"},"query-input":{"@type":"PropertyValueSpecification","valueRequired":true,"valueName":"search_term_string"}}],"inLanguage":"fr-FR"}]}},"jetpack_sharing_enabled":true,"_links":{"self":[{"href":"https:\/\/www.jonathanfavorel.fr\/index.php?rest_route=\/wp\/v2\/pages\/82","targetHints":{"allow":["GET"]}}],"collection":[{"href":"https:\/\/www.jonathanfavorel.fr\/index.php?rest_route=\/wp\/v2\/pages"}],"about":[{"href":"https:\/\/www.jonathanfavorel.fr\/index.php?rest_route=\/wp\/v2\/types\/page"}],"author":[{"embeddable":true,"href":"https:\/\/www.jonathanfavorel.fr\/index.php?rest_route=\/wp\/v2\/users\/1"}],"replies":[{"embeddable":true,"href":"https:\/\/www.jonathanfavorel.fr\/index.php?rest_route=%2Fwp%2Fv2%2Fcomments&post=82"}],"version-history":[{"count":33,"href":"https:\/\/www.jonathanfavorel.fr\/index.php?rest_route=\/wp\/v2\/pages\/82\/revisions"}],"predecessor-version":[{"id":1015,"href":"https:\/\/www.jonathanfavorel.fr\/index.php?rest_route=\/wp\/v2\/pages\/82\/revisions\/1015"}],"wp:attachment":[{"href":"https:\/\/www.jonathanfavorel.fr\/index.php?rest_route=%2Fwp%2Fv2%2Fmedia&parent=82"}],"curies":[{"name":"wp","href":"https:\/\/api.w.org\/{rel}","templated":true}]}}