{"id":64,"date":"2024-06-26T16:04:39","date_gmt":"2024-06-26T14:04:39","guid":{"rendered":"https:\/\/jonathanfavorel.fr\/?page_id=64"},"modified":"2024-07-25T18:04:42","modified_gmt":"2024-07-25T16:04:42","slug":"captation","status":"publish","type":"page","link":"https:\/\/www.jonathanfavorel.fr\/?page_id=64","title":{"rendered":"Captation"},"content":{"rendered":"<p style=\"text-align: center;\"><span style=\"color: #fcb900;\"><strong><span style=\"font-size: 14pt;\">Grand Entretien avec Evgueni Vodolazkine &#8211; JLR 2020<\/span><\/strong><\/span><\/p>\n<p style=\"text-align: center;\"><iframe loading=\"lazy\" title=\"Grand entretien avec Evgueni Vodolazkine - JLR 2020\" src=\"https:\/\/makertube.net\/videos\/embed\/4dfdb133-d7cf-4269-b41a-4d75df9c1f2a?muted=1&amp;warningTitle=0&amp;peertubeLink=0&amp;p2p=0\" width=\"560\" height=\"315\" frameborder=\"0\" sandbox=\"allow-same-origin allow-scripts allow-popups allow-forms\" allowfullscreen=\"allowfullscreen\"><\/iframe><br \/>\n<span style=\"font-size: 10pt;\">Images &#8211; Montage: Jonathan Favorel<\/span><\/p>\n<p style=\"text-align: center;\"><span style=\"font-size: 14pt; color: #fcb900;\"><strong><span style=\"font-family: georgia, palatino, serif;\">Grand Entretien avec Edouard Limonov &#8211; Partie 1 &#8211; JLR 2020<\/span><\/strong><\/span><\/p>\n<p style=\"text-align: center;\"><iframe loading=\"lazy\" title=\"Grand Entretien avec Edouard Limonov - Partie 1 - JLR 2020\" src=\"https:\/\/makertube.net\/videos\/embed\/e80708db-9736-4d6d-91fe-9156b41f1a27?muted=1&amp;warningTitle=0&amp;peertubeLink=0&amp;p2p=0\" width=\"560\" height=\"315\" frameborder=\"0\" sandbox=\"allow-same-origin allow-scripts allow-popups allow-forms\" allowfullscreen=\"allowfullscreen\"><\/iframe><br \/>\n<span style=\"font-size: 10pt;\">Images &#8211; Montage: Jonathan Favorel<\/span><\/p>\n<p class=\"style-scope ytd-watch-metadata\" style=\"text-align: center;\"><span style=\"color: #fcb900; font-size: 14pt;\"><strong>Grand entretien avec Boris Akounine &#8211; JLR 2019<\/strong><\/span><\/p>\n<p style=\"text-align: center;\"><iframe loading=\"lazy\" title=\"Grand entretien avec Boris Akounine - JLR 2019\" src=\"https:\/\/makertube.net\/videos\/embed\/875a19be-db1d-45f6-a3a4-668b3c0d980e?muted=1&amp;warningTitle=0&amp;peertubeLink=0&amp;p2p=0\" width=\"560\" height=\"315\" frameborder=\"0\" sandbox=\"allow-same-origin allow-scripts allow-popups allow-forms\" allowfullscreen=\"allowfullscreen\" data-mce-fragment=\"1\"><\/iframe><br \/>\n<span style=\"font-size: 10pt;\">Images &#8211; Montage: Jonathan Favorel<\/span><\/p>\n<p class=\"style-scope ytd-watch-metadata\" style=\"text-align: center;\"><span style=\"font-size: 14pt; color: #fcb900;\"><strong>Grand entretien avec Dina Rubina&nbsp;<\/strong><strong>&#8211; JLR 2019<\/strong><\/span><\/p>\n<p style=\"text-align: center;\">&nbsp;<iframe loading=\"lazy\" title=\"Grand Entretien avec Dina Rubina - JLR 2020\" src=\"https:\/\/makertube.net\/videos\/embed\/eaea93ba-e6c0-43a0-a3a6-a406fc03040a?muted=1&amp;warningTitle=0&amp;peertubeLink=0&amp;p2p=0\" width=\"560\" height=\"315\" frameborder=\"0\" sandbox=\"allow-same-origin allow-scripts allow-popups allow-forms\" allowfullscreen=\"allowfullscreen\" data-mce-fragment=\"1\"><\/iframe><br \/>\n<span style=\"font-size: 10pt;\">Images &#8211; Montage: Jonathan Favorel<\/span><\/p>\n<p style=\"text-align: center;\"><span style=\"color: #fcb900; font-size: 14pt;\"><strong>Grand Entretien avec Zakhar Prilepine &#8211; JLR 2018<\/strong><\/span><\/p>\n<p style=\"text-align: center;\"><iframe loading=\"lazy\" title=\"L'\u00e9crivain et son traducteur_ Zakhar Prilepine et Jo\u00eblle Dublanchet - JLR 2018\" src=\"https:\/\/makertube.net\/videos\/embed\/31e3aae0-5eb2-4835-a523-394d71d3e18e?muted=1&amp;warningTitle=0&amp;peertubeLink=0&amp;p2p=0\" width=\"560\" height=\"315\" frameborder=\"0\" sandbox=\"allow-same-origin allow-scripts allow-popups allow-forms\" allowfullscreen=\"allowfullscreen\"><\/iframe><br \/>\n<span style=\"font-size: 10pt;\">Images &#8211; Montage: Jonathan Favorel<\/span><\/p>\n<p style=\"text-align: center;\"><span style=\"color: #fcb900; font-size: 14pt;\"><strong>Grand Entretien avec Lioudmila Oulitskaya &#8211; JLR 2018<\/strong><\/span><\/p>\n<p style=\"text-align: center;\"><iframe loading=\"lazy\" title=\"Grand entretien avec Ludmila Oulitska\u00efa - JLR 2018\" src=\"https:\/\/makertube.net\/videos\/embed\/b34b3724-a09a-4147-b62b-41825bbc4a3b?muted=1&amp;warningTitle=0&amp;peertubeLink=0&amp;p2p=0\" width=\"560\" height=\"315\" frameborder=\"0\" sandbox=\"allow-same-origin allow-scripts allow-popups allow-forms\" allowfullscreen=\"allowfullscreen\"><\/iframe><br \/>\n<span style=\"font-size: 10pt;\">Images &#8211; Montage: Jonathan Favorel<\/span><\/p>\n<p id=\"media-title\" class=\"Typography__h5___3Y-Y6 NewVideoInfoTitle__videoTitle___3kiXi\" style=\"text-align: center;\"><span style=\"color: #fcb900; font-size: 14pt;\"><strong>La Russie, entre peur et d\u00e9fis (Jean Radvanij) &#8211; JLR 2017<\/strong><\/span><\/p>\n<p style=\"text-align: center;\">&nbsp;<iframe loading=\"lazy\" title=\"Table Ronde - La Russie, entre peur et d\u00e9fis (Jean Radvanij) - JLR 2017\" src=\"https:\/\/makertube.net\/videos\/embed\/ea604ea3-98ab-4745-8def-116c20e08c7b?muted=1&amp;warningTitle=0&amp;peertubeLink=0&amp;p2p=0\" width=\"560\" height=\"315\" frameborder=\"0\" sandbox=\"allow-same-origin allow-scripts allow-popups allow-forms\" allowfullscreen=\"allowfullscreen\"><\/iframe><br \/>\n<span style=\"font-size: 10pt;\">Images &#8211; Montage: Jonathan Favorel<\/span><\/p>\n<p id=\"media-title\" class=\"Typography__h5___3Y-Y6 NewVideoInfoTitle__videoTitle___3kiXi\" style=\"text-align: center;\"><span style=\"color: #fcb900; font-size: 14pt;\"><strong>Joseph Kessel, la vie jusqu&rsquo;au bout &#8211; JLR 2017<\/strong><\/span><\/p>\n<p style=\"text-align: center;\"><iframe loading=\"lazy\" title=\"Table Ronde - Joseph Kessel, la vie jusqu'au bout (Marc Alaux) - JLR 2017\" src=\"https:\/\/makertube.net\/videos\/embed\/ea75cc5f-1208-4048-9126-fab756d48de4?muted=1&amp;warningTitle=0&amp;peertubeLink=0&amp;p2p=0\" width=\"560\" height=\"315\" frameborder=\"0\" sandbox=\"allow-same-origin allow-scripts allow-popups allow-forms\" allowfullscreen=\"allowfullscreen\"><\/iframe><br \/>\n<span style=\"font-size: 10pt;\">Images &#8211; Montage: Jonathan Favorel<\/span><\/p>\n<p style=\"text-align: center;\"><span style=\"color: #fcb900; font-size: 14pt;\"><strong>Le Transsib\u00e9rien, Route de l&rsquo;Orient Russe (C\u00e9dric Gras) &#8211; JLR 2017<\/strong><\/span><\/p>\n<p style=\"text-align: center;\"><iframe loading=\"lazy\" title=\"Table Ronde - Le Transsib\u00e9rien, route de l'orient russe (C\u00e9dric Gras) - JLR 2017\" src=\"https:\/\/makertube.net\/videos\/embed\/8245f177-3041-433b-8757-6ebdcd5cf106?muted=1&amp;warningTitle=0&amp;peertubeLink=0&amp;p2p=0\" width=\"560\" height=\"315\" frameborder=\"0\" sandbox=\"allow-same-origin allow-scripts allow-popups allow-forms\" allowfullscreen=\"allowfullscreen\"><\/iframe><br \/>\n<span style=\"font-size: 10pt;\">Images &#8211; Montage: Jonathan Favorel<\/span><\/p>\n<p class=\"video-info-name\" style=\"text-align: center;\"><span style=\"font-size: 14pt; color: #fcb900;\"><strong>L&rsquo;Ecrivain &amp; son traducteur &#8211; Ereme\u00ef A\u00efpine et Anne-Victoire Charrin &#8211; JLR 2016<\/strong><\/span><\/p>\n<p style=\"text-align: center;\"><iframe loading=\"lazy\" title=\"L'\u00e9crivain &amp; son traducteur - Ereme\u00ef A\u00efpine et Anne-Victoire Charrin - JLR 2016\" src=\"https:\/\/makertube.net\/videos\/embed\/b2b17299-0ff0-4152-a290-9889e7662776?muted=1&amp;warningTitle=0&amp;peertubeLink=0&amp;p2p=0\" width=\"560\" height=\"315\" frameborder=\"0\" sandbox=\"allow-same-origin allow-scripts allow-popups allow-forms\" allowfullscreen=\"allowfullscreen\"><\/iframe><br \/>\n<span style=\"font-size: 10pt;\">Images &#8211; Montage: Jonathan Favorel<\/span><\/p>\n<p class=\"style-scope ytd-watch-metadata\" style=\"text-align: center;\"><span style=\"font-size: 14pt; color: #fcb900;\"><strong>Rencontre avec Tchinguiz ABDOULLAIEV \/ \u0427\u0438\u043d\u0433\u0438\u0437 \u0410\u0411\u0414\u0423\u041b\u041b\u0410\u0415\u0412 &#8211; JLR 2015<\/strong><\/span><\/p>\n<p style=\"text-align: center;\"><iframe loading=\"lazy\" title=\"Rencontre avec Tchinguiz ABDOULLAIEV \/ \u0427\u0438\u043d\u0433\u0438\u0437 \u0410\u0411\u0414\u0423\u041b\u041b\u0410\u0415\u0412\" src=\"https:\/\/makertube.net\/videos\/embed\/25b87d27-e8d9-44bc-b6f6-9b775e3a1bc8?muted=1&amp;warningTitle=0&amp;peertubeLink=0&amp;p2p=0\" width=\"560\" height=\"315\" frameborder=\"0\" sandbox=\"allow-same-origin allow-scripts allow-popups allow-forms\" allowfullscreen=\"allowfullscreen\"><\/iframe><br \/>\n<span style=\"font-size: 10pt;\">Images &#8211; Montage: Jonathan Favorel<\/span><\/p>\n<p style=\"text-align: center;\"><span style=\"color: #fcb900; font-size: 14pt;\"><strong>Chirurgie &#8211; Lipostructure Partie 2 (2015)<\/strong><\/span><\/p>\n<p style=\"text-align: center;\"><iframe loading=\"lazy\" title=\"Chirurgie - Lipostructure - Partie 2\" src=\"https:\/\/makertube.net\/videos\/embed\/e3a90d1a-df6b-4f37-ac60-48ff1c9473d5?muted=1&amp;warningTitle=0&amp;peertubeLink=0&amp;p2p=0\" width=\"560\" height=\"315\" frameborder=\"0\" sandbox=\"allow-same-origin allow-scripts allow-popups allow-forms\" allowfullscreen=\"allowfullscreen\"><\/iframe><br \/>\n<span style=\"font-size: 10pt;\">Images &#8211; Montage: Jonathan Favorel<\/span><\/p>\n<p style=\"text-align: center;\"><span style=\"color: #fcb900; font-size: 14pt;\"><strong>Chirurgie &#8211; Bl\u00e9pharoplastie par voie conjonctivale <\/strong><\/span><\/p>\n<p style=\"text-align: center;\"><iframe loading=\"lazy\" title=\"Chirurgie - Bl\u00e9pharoplastie par voie conjonctivale\" src=\"https:\/\/makertube.net\/videos\/embed\/94ef06ce-6980-487f-aee3-96d19f8ead18?muted=1&amp;warningTitle=0&amp;peertubeLink=0&amp;p2p=0\" width=\"560\" height=\"315\" frameborder=\"0\" sandbox=\"allow-same-origin allow-scripts allow-popups allow-forms\" allowfullscreen=\"allowfullscreen\"><\/iframe><br \/>\n<span style=\"font-size: 10pt;\">Images &#8211; Montage: Jonathan Favorel<\/span><\/p>\n<p style=\"text-align: center;\"><span style=\"color: #fcb900; font-size: 14pt;\"><strong>Chirurgie &#8211; Ectropion li\u00e9 \u00e0 l&rsquo;\u00e2ge<\/strong><\/span><\/p>\n<p style=\"text-align: center;\"><iframe loading=\"lazy\" title=\"Chirurgie - Ectropion lie\u0301 a\u0300 l'\u00e2ge\" src=\"https:\/\/makertube.net\/videos\/embed\/09fce078-d44c-4f29-9aaa-b14ecc42479a?muted=1&amp;warningTitle=0&amp;peertubeLink=0&amp;p2p=0\" width=\"560\" height=\"315\" frameborder=\"0\" sandbox=\"allow-same-origin allow-scripts allow-popups allow-forms\" allowfullscreen=\"allowfullscreen\"><\/iframe><br \/>\n<span style=\"font-size: 10pt;\">Images &#8211; Montage: Jonathan Favorel<\/span><\/p>\n","protected":false},"excerpt":{"rendered":"<p>Grand Entretien avec Evgueni Vodolazkine &#8211; JLR 2020 Images &#8211; Montage: Jonathan Favorel Grand Entretien avec Edouard Limonov &#8211; Partie 1 &#8211; JLR 2020 Images &#8211; Montage: Jonathan Favorel Grand entretien avec Boris Akounine &#8211; JLR 2019 Images &#8211; Montage: Jonathan Favorel Grand entretien avec Dina Rubina&nbsp;&#8211; JLR 2019 &nbsp; Images &#8211; Montage: Jonathan Favorel [&hellip;]<\/p>\n","protected":false},"author":1,"featured_media":0,"parent":0,"menu_order":0,"comment_status":"closed","ping_status":"closed","template":"","meta":{"ngg_post_thumbnail":0,"footnotes":""},"class_list":["post-64","page","type-page","status-publish","hentry"],"yoast_head":"<!-- This site is optimized with the Yoast SEO plugin v27.0 - https:\/\/yoast.com\/product\/yoast-seo-wordpress\/ -->\n<title>Captation - Jonathan Favorel<\/title>\n<meta name=\"robots\" content=\"index, follow, max-snippet:-1, max-image-preview:large, max-video-preview:-1\" \/>\n<link rel=\"canonical\" href=\"https:\/\/www.jonathanfavorel.fr\/?page_id=64\" \/>\n<meta property=\"og:locale\" content=\"fr_FR\" \/>\n<meta property=\"og:type\" content=\"article\" \/>\n<meta property=\"og:title\" content=\"Captation - Jonathan Favorel\" \/>\n<meta property=\"og:description\" content=\"Grand Entretien avec Evgueni Vodolazkine &#8211; JLR 2020 Images &#8211; Montage: Jonathan Favorel Grand Entretien avec Edouard Limonov &#8211; Partie 1 &#8211; JLR 2020 Images &#8211; Montage: Jonathan Favorel Grand entretien avec Boris Akounine &#8211; JLR 2019 Images &#8211; Montage: Jonathan Favorel Grand entretien avec Dina Rubina&nbsp;&#8211; JLR 2019 &nbsp; Images &#8211; Montage: Jonathan Favorel [&hellip;]\" \/>\n<meta property=\"og:url\" content=\"https:\/\/www.jonathanfavorel.fr\/?page_id=64\" \/>\n<meta property=\"og:site_name\" content=\"Jonathan Favorel\" \/>\n<meta property=\"article:modified_time\" content=\"2024-07-25T16:04:42+00:00\" \/>\n<meta name=\"twitter:card\" content=\"summary_large_image\" \/>\n<meta name=\"twitter:label1\" content=\"Dur\u00e9e de lecture estim\u00e9e\" \/>\n\t<meta name=\"twitter:data1\" content=\"1 minute\" \/>\n<script type=\"application\/ld+json\" class=\"yoast-schema-graph\">{\"@context\":\"https:\/\/schema.org\",\"@graph\":[{\"@type\":\"WebPage\",\"@id\":\"https:\/\/www.jonathanfavorel.fr\/?page_id=64\",\"url\":\"https:\/\/www.jonathanfavorel.fr\/?page_id=64\",\"name\":\"Captation - Jonathan Favorel\",\"isPartOf\":{\"@id\":\"https:\/\/www.jonathanfavorel.fr\/#website\"},\"datePublished\":\"2024-06-26T14:04:39+00:00\",\"dateModified\":\"2024-07-25T16:04:42+00:00\",\"breadcrumb\":{\"@id\":\"https:\/\/www.jonathanfavorel.fr\/?page_id=64#breadcrumb\"},\"inLanguage\":\"fr-FR\",\"potentialAction\":[{\"@type\":\"ReadAction\",\"target\":[\"https:\/\/www.jonathanfavorel.fr\/?page_id=64\"]}]},{\"@type\":\"BreadcrumbList\",\"@id\":\"https:\/\/www.jonathanfavorel.fr\/?page_id=64#breadcrumb\",\"itemListElement\":[{\"@type\":\"ListItem\",\"position\":1,\"name\":\"Accueil\",\"item\":\"https:\/\/www.jonathanfavorel.fr\/\"},{\"@type\":\"ListItem\",\"position\":2,\"name\":\"Captation\"}]},{\"@type\":\"WebSite\",\"@id\":\"https:\/\/www.jonathanfavorel.fr\/#website\",\"url\":\"https:\/\/www.jonathanfavorel.fr\/\",\"name\":\"Jonathan Favorel\",\"description\":\"R\u00e9alisation Vid\u00e9o \/ Postproduction\",\"potentialAction\":[{\"@type\":\"SearchAction\",\"target\":{\"@type\":\"EntryPoint\",\"urlTemplate\":\"https:\/\/www.jonathanfavorel.fr\/?s={search_term_string}\"},\"query-input\":{\"@type\":\"PropertyValueSpecification\",\"valueRequired\":true,\"valueName\":\"search_term_string\"}}],\"inLanguage\":\"fr-FR\"}]}<\/script>\n<!-- \/ Yoast SEO plugin. -->","yoast_head_json":{"title":"Captation - Jonathan Favorel","robots":{"index":"index","follow":"follow","max-snippet":"max-snippet:-1","max-image-preview":"max-image-preview:large","max-video-preview":"max-video-preview:-1"},"canonical":"https:\/\/www.jonathanfavorel.fr\/?page_id=64","og_locale":"fr_FR","og_type":"article","og_title":"Captation - Jonathan Favorel","og_description":"Grand Entretien avec Evgueni Vodolazkine &#8211; JLR 2020 Images &#8211; Montage: Jonathan Favorel Grand Entretien avec Edouard Limonov &#8211; Partie 1 &#8211; JLR 2020 Images &#8211; Montage: Jonathan Favorel Grand entretien avec Boris Akounine &#8211; JLR 2019 Images &#8211; Montage: Jonathan Favorel Grand entretien avec Dina Rubina&nbsp;&#8211; JLR 2019 &nbsp; Images &#8211; Montage: Jonathan Favorel [&hellip;]","og_url":"https:\/\/www.jonathanfavorel.fr\/?page_id=64","og_site_name":"Jonathan Favorel","article_modified_time":"2024-07-25T16:04:42+00:00","twitter_card":"summary_large_image","twitter_misc":{"Dur\u00e9e de lecture estim\u00e9e":"1 minute"},"schema":{"@context":"https:\/\/schema.org","@graph":[{"@type":"WebPage","@id":"https:\/\/www.jonathanfavorel.fr\/?page_id=64","url":"https:\/\/www.jonathanfavorel.fr\/?page_id=64","name":"Captation - Jonathan Favorel","isPartOf":{"@id":"https:\/\/www.jonathanfavorel.fr\/#website"},"datePublished":"2024-06-26T14:04:39+00:00","dateModified":"2024-07-25T16:04:42+00:00","breadcrumb":{"@id":"https:\/\/www.jonathanfavorel.fr\/?page_id=64#breadcrumb"},"inLanguage":"fr-FR","potentialAction":[{"@type":"ReadAction","target":["https:\/\/www.jonathanfavorel.fr\/?page_id=64"]}]},{"@type":"BreadcrumbList","@id":"https:\/\/www.jonathanfavorel.fr\/?page_id=64#breadcrumb","itemListElement":[{"@type":"ListItem","position":1,"name":"Accueil","item":"https:\/\/www.jonathanfavorel.fr\/"},{"@type":"ListItem","position":2,"name":"Captation"}]},{"@type":"WebSite","@id":"https:\/\/www.jonathanfavorel.fr\/#website","url":"https:\/\/www.jonathanfavorel.fr\/","name":"Jonathan Favorel","description":"R\u00e9alisation Vid\u00e9o \/ Postproduction","potentialAction":[{"@type":"SearchAction","target":{"@type":"EntryPoint","urlTemplate":"https:\/\/www.jonathanfavorel.fr\/?s={search_term_string}"},"query-input":{"@type":"PropertyValueSpecification","valueRequired":true,"valueName":"search_term_string"}}],"inLanguage":"fr-FR"}]}},"jetpack_sharing_enabled":true,"_links":{"self":[{"href":"https:\/\/www.jonathanfavorel.fr\/index.php?rest_route=\/wp\/v2\/pages\/64","targetHints":{"allow":["GET"]}}],"collection":[{"href":"https:\/\/www.jonathanfavorel.fr\/index.php?rest_route=\/wp\/v2\/pages"}],"about":[{"href":"https:\/\/www.jonathanfavorel.fr\/index.php?rest_route=\/wp\/v2\/types\/page"}],"author":[{"embeddable":true,"href":"https:\/\/www.jonathanfavorel.fr\/index.php?rest_route=\/wp\/v2\/users\/1"}],"replies":[{"embeddable":true,"href":"https:\/\/www.jonathanfavorel.fr\/index.php?rest_route=%2Fwp%2Fv2%2Fcomments&post=64"}],"version-history":[{"count":38,"href":"https:\/\/www.jonathanfavorel.fr\/index.php?rest_route=\/wp\/v2\/pages\/64\/revisions"}],"predecessor-version":[{"id":960,"href":"https:\/\/www.jonathanfavorel.fr\/index.php?rest_route=\/wp\/v2\/pages\/64\/revisions\/960"}],"wp:attachment":[{"href":"https:\/\/www.jonathanfavorel.fr\/index.php?rest_route=%2Fwp%2Fv2%2Fmedia&parent=64"}],"curies":[{"name":"wp","href":"https:\/\/api.w.org\/{rel}","templated":true}]}}