{"id":62,"date":"2024-06-26T16:04:25","date_gmt":"2024-06-26T14:04:25","guid":{"rendered":"https:\/\/jonathanfavorel.fr\/?page_id=62"},"modified":"2024-07-25T18:03:10","modified_gmt":"2024-07-25T16:03:10","slug":"formats-courts","status":"publish","type":"page","link":"https:\/\/www.jonathanfavorel.fr\/?page_id=62","title":{"rendered":"Formats Courts"},"content":{"rendered":"<p class=\"video-info-name\" style=\"text-align: center;\"><span style=\"font-size: 14pt; color: #fcb900;\"><strong>Le Mus\u00e9e Cluny du Moyen-\u00c2ge et l&rsquo;Op\u00e9ra Garnier &#8211; Association M\u00eatis<\/strong><\/span><\/p>\n<p style=\"text-align: center;\"><iframe loading=\"lazy\" title=\"Le Mus\u00e9e Cluny du Moyen-\u00c2ge et l'Op\u00e9ra Garnier\" src=\"https:\/\/makertube.net\/videos\/embed\/03d9c9ac-0b18-4ac2-9ce5-17e26d81a3d7?muted=1&amp;warningTitle=0&amp;peertubeLink=0&amp;p2p=0\" width=\"560\" height=\"315\" frameborder=\"0\" sandbox=\"allow-same-origin allow-scripts allow-popups allow-forms\" allowfullscreen=\"allowfullscreen\"><\/iframe><br \/>\n<span style=\"font-size: 10pt;\">Images &#8211; Montage: Jonathan Favorel<\/span><\/p>\n<p class=\"video-info-name\" style=\"text-align: center;\"><span style=\"font-size: 14pt; color: #fcb900;\"><strong>Le Mus\u00e9e de la Vie Romantique et Les Enqu\u00eates de l&rsquo;Inspecteur T. &#8211; Association M\u00eatis<\/strong><\/span><\/p>\n<p style=\"text-align: center;\"><iframe loading=\"lazy\" title=\"Le Mus\u00e9e de la Vie Romantique et Les Enqu\u00eates de l'Inspecteur T. - Association M\u00eatis\" src=\"https:\/\/makertube.net\/videos\/embed\/b96634cb-bc75-453b-995b-4723594e989b?muted=1&amp;warningTitle=0&amp;peertubeLink=0&amp;p2p=0\" width=\"560\" height=\"315\" frameborder=\"0\" sandbox=\"allow-same-origin allow-scripts allow-popups allow-forms\" allowfullscreen=\"allowfullscreen\"><\/iframe><br \/>\n<span style=\"font-size: 10pt;\">Images &#8211; Montage: Jonathan Favorel<\/span><\/p>\n<p class=\"video-info-name\" style=\"text-align: center;\"><span style=\"font-size: 14pt; color: #fcb900;\"><strong>Le Mus\u00e9e d&rsquo;Orsay et le Bourgeois Gentilhomme de Moli\u00e8re &#8211; Association M\u00eatis<\/strong><\/span><\/p>\n<p style=\"text-align: center;\"><iframe loading=\"lazy\" title=\"Le Mus\u00e9e d'Orsay et le Bourgeois Gentilhomme de Moli\u00e8re - Association M\u00eatis\" src=\"https:\/\/makertube.net\/videos\/embed\/ed1ff843-fb55-44b7-9146-6621b45ea9dc?muted=1&amp;warningTitle=0&amp;peertubeLink=0&amp;p2p=0\" width=\"560\" height=\"315\" frameborder=\"0\" sandbox=\"allow-same-origin allow-scripts allow-popups allow-forms\" allowfullscreen=\"allowfullscreen\"><\/iframe><br \/>\n<span style=\"font-size: 10pt;\">Images &#8211; Montage: Jonathan Favorel<\/span><\/p>\n<p class=\"video-info-name\" style=\"text-align: center;\"><span style=\"font-size: 14pt; color: #fcb900;\"><strong>Le Ch\u00e2teau de Versailles &#8211; Association M\u00eatis<\/strong><\/span><\/p>\n<p style=\"text-align: center;\"><iframe loading=\"lazy\" title=\"Le Ch\u00e2teau de Versailles - Association M\u00eatis\" src=\"https:\/\/makertube.net\/videos\/embed\/5f112550-01bb-43ea-b61b-bc033689c292?muted=1&amp;warningTitle=0&amp;peertubeLink=0&amp;p2p=0\" width=\"560\" height=\"315\" frameborder=\"0\" sandbox=\"allow-same-origin allow-scripts allow-popups allow-forms\" allowfullscreen=\"allowfullscreen\"><\/iframe><br \/>\n<span style=\"font-size: 10pt;\">Images &#8211; Montage: Jonathan Favorel<\/span><\/p>\n<p class=\"video-info-name\" style=\"text-align: center;\"><span style=\"font-size: 14pt; color: #fcb900;\"><strong>Le Mus\u00e9e de l&rsquo;Orangerie et la Malade Imaginaire de Moli\u00e8re &#8211; Association M\u00eatis<\/strong><\/span><\/p>\n<p style=\"text-align: center;\"><iframe loading=\"lazy\" title=\"Le Mus\u00e9e de l'Orangerie et la Malade Imaginaire de Moli\u00e8re - Association M\u00eatis\" src=\"https:\/\/makertube.net\/videos\/embed\/6f5a24a6-2445-4b5d-aff5-8da05f6647ca?muted=1&amp;warningTitle=0&amp;peertubeLink=0&amp;p2p=0\" width=\"560\" height=\"315\" frameborder=\"0\" sandbox=\"allow-same-origin allow-scripts allow-popups allow-forms\" allowfullscreen=\"allowfullscreen\"><\/iframe><br \/>\n<span style=\"font-size: 10pt;\">Images &#8211; Montage: Jonathan Favorel<\/span><\/p>\n<p class=\"video-info-name\" style=\"text-align: center;\"><span style=\"font-size: 14pt; color: #fcb900;\"><strong>La Cit\u00e9 de l&rsquo;Architecture et le Chat Bott\u00e9 &#8211; Association M\u00eatis<\/strong><\/span><\/p>\n<p style=\"text-align: center;\"><iframe loading=\"lazy\" title=\"La Cit\u00e9 de l'Architecture et le Chat Bott\u00e9 - Association M\u00eatis\" src=\"https:\/\/makertube.net\/videos\/embed\/c77b37b0-6b02-4dd5-a170-d48e91eb8cd2?muted=1&amp;warningTitle=0&amp;peertubeLink=0&amp;p2p=0\" width=\"560\" height=\"315\" frameborder=\"0\" sandbox=\"allow-same-origin allow-scripts allow-popups allow-forms\" allowfullscreen=\"allowfullscreen\"><\/iframe><br \/>\n<span style=\"font-size: 10pt;\">Images &#8211; Montage: Jonathan Favorel<\/span><\/p>\n<p class=\"video-info-name\" style=\"text-align: center;\"><span style=\"font-size: 14pt; color: #fcb900;\"><strong>Le Mus\u00e9e du Quai Branly &#8211; Association M\u00eatis<\/strong><\/span><\/p>\n<p style=\"text-align: center;\"><iframe loading=\"lazy\" title=\"Le Mus\u00e9e du Quai Branly - Association M\u00eatis\" src=\"https:\/\/makertube.net\/videos\/embed\/9f82de1c-3d7b-4f31-8c42-4c8456e55f40?muted=1&amp;warningTitle=0&amp;peertubeLink=0&amp;p2p=0\" width=\"560\" height=\"315\" frameborder=\"0\" sandbox=\"allow-same-origin allow-scripts allow-popups allow-forms\" allowfullscreen=\"allowfullscreen\"><\/iframe><br \/>\n<span style=\"font-size: 10pt;\">Images &#8211; Montage: Jonathan Favorel<\/span><\/p>\n<p class=\"video-info-name\" style=\"text-align: center;\"><span style=\"font-size: 14pt; color: #fcb900;\"><strong>Le Cimeti\u00e8re du P\u00e8re Lachaise et les Fables de la Fontaine &#8211; Association M\u00eatis<\/strong><\/span><\/p>\n<p style=\"text-align: center;\"><iframe loading=\"lazy\" title=\"Le Cimeti\u00e8re du P\u00e8re Lachaise et les Fables de la Fontaine\" src=\"https:\/\/makertube.net\/videos\/embed\/85bdb7fe-4bd5-4871-9e18-218d193f4a0b?muted=1&amp;warningTitle=0&amp;peertubeLink=0&amp;p2p=0\" width=\"560\" height=\"315\" frameborder=\"0\" sandbox=\"allow-same-origin allow-scripts allow-popups allow-forms\" allowfullscreen=\"allowfullscreen\"><\/iframe><br \/>\n<span style=\"font-size: 10pt;\">Images &#8211; Montage: Jonathan Favorel<\/span><\/p>\n<p class=\"video-info-name\" style=\"text-align: center;\"><span style=\"font-size: 14pt; color: #fcb900;\"><strong>La Confusion des Sentiments et le Mus\u00e9e Carnavalet &#8211; Association M\u00eatis<\/strong><\/span><\/p>\n<p style=\"text-align: center;\"><iframe loading=\"lazy\" title=\"La Confusion des Sentiments et le Mus\u00e9e Carnavalet - Association M\u00eatis\" src=\"https:\/\/makertube.net\/videos\/embed\/1ab3fe67-acd3-402b-baf6-3b2775ba4958?muted=1&amp;warningTitle=0&amp;peertubeLink=0&amp;p2p=0\" width=\"560\" height=\"315\" frameborder=\"0\" sandbox=\"allow-same-origin allow-scripts allow-popups allow-forms\" allowfullscreen=\"allowfullscreen\"><\/iframe><br \/>\n<span style=\"font-size: 10pt;\">Images &#8211; Montage: Jonathan Favorel<\/span><\/p>\n<p class=\"video-info-name\" style=\"text-align: center;\"><span style=\"font-size: 14pt; color: #fcb900;\"><strong>Le Mus\u00e9e Jacquemart-Andr\u00e9 et le Magicien d&rsquo;Oz &#8211; Association M\u00eatis<\/strong><\/span><\/p>\n<p style=\"text-align: center;\"><iframe loading=\"lazy\" title=\"Le Mus\u00e9e Jacquemart-Andr\u00e9 et le Magicien d'Oz - Association M\u00eatis\" src=\"https:\/\/makertube.net\/videos\/embed\/a7307169-7cef-45fc-8200-d1260e93e27b?muted=1&amp;warningTitle=0&amp;peertubeLink=0&amp;p2p=0\" width=\"560\" height=\"315\" frameborder=\"0\" sandbox=\"allow-same-origin allow-scripts allow-popups allow-forms\" allowfullscreen=\"allowfullscreen\"><\/iframe><br \/>\n<span style=\"font-size: 10pt;\">Images-Montage: Jonathan Favorel<\/span><\/p>\n<p style=\"text-align: center;\"><span style=\"font-size: 14pt; color: #fcb900;\"><strong>Le Louvre et Volpone, de Ben Jonson &#8211; Association M\u00eatis<\/strong><\/span><\/p>\n<p style=\"text-align: center;\"><iframe loading=\"lazy\" title=\"Le Louvre et Volpone, de Ben Jonson - Association M\u00eatis\" src=\"https:\/\/makertube.net\/videos\/embed\/9c594ef9-ac0e-4e65-b799-95959ce4c288?muted=1&amp;warningTitle=0&amp;peertubeLink=0&amp;p2p=0\" width=\"560\" height=\"315\" frameborder=\"0\" sandbox=\"allow-same-origin allow-scripts allow-popups allow-forms\" allowfullscreen=\"allowfullscreen\"><\/iframe><br \/>\n<span style=\"font-size: 10pt;\">Images &#8211; Montage: Jonathan Favorel<\/span><\/p>\n<p style=\"text-align: center;\"><span style=\"font-size: 14pt; color: #fcb900;\"><strong>Gar\u00e7ault,&nbsp;Weekenders<\/strong><\/span><\/p>\n<p style=\"text-align: center;\"><iframe loading=\"lazy\" title=\"Gar\u00e7ault - Weekenders\" src=\"https:\/\/makertube.net\/videos\/embed\/949082d9-2705-483c-9d2e-62b115a3bfa2?muted=1&amp;warningTitle=0&amp;peertubeLink=0&amp;p2p=0\" width=\"560\" height=\"315\" frameborder=\"0\" sandbox=\"allow-same-origin allow-scripts allow-popups allow-forms\" allowfullscreen=\"allowfullscreen\" data-mce-fragment=\"1\"><\/iframe><br \/>\n<span style=\"font-size: 10pt;\">Montage: Jonathan Favorel<\/span><br \/>\n<span style=\"font-size: 10pt;\">R\u00e9alisation: Johann Jolivet, 2018<\/span><\/p>\n<p style=\"text-align: center;\"><span style=\"font-size: 14pt; color: #fcb900;\"><strong>Stories, Ainsley Smart &#8211; Behind The Scene<\/strong><\/span><\/p>\n<p style=\"text-align: center;\"><iframe loading=\"lazy\" title=\"Ainsley Smart - Stories - BTS\" src=\"https:\/\/makertube.net\/videos\/embed\/7f9b8f91-df76-4d3e-8d1e-3cff718db780?muted=1&amp;warningTitle=0&amp;peertubeLink=0&amp;p2p=0\" width=\"560\" height=\"315\" frameborder=\"0\" sandbox=\"allow-same-origin allow-scripts allow-popups allow-forms\" allowfullscreen=\"allowfullscreen\" data-mce-fragment=\"1\"><\/iframe>&nbsp;<br \/>\n<span style=\"font-size: 10pt;\">Images &#8211; Montage: Jonathan Favorel, 2018<\/span><\/p>\n<p style=\"text-align: center;\"><span style=\"font-size: 14pt; color: #fcb900;\"><strong>Making-Of Clip, Melody Linhart, Everyday &#8211; Part 1<\/strong><\/span><\/p>\n<p style=\"text-align: center;\"><iframe loading=\"lazy\" title=\"Making-Of Clip Everyday - Part 1\" src=\"https:\/\/makertube.net\/videos\/embed\/04d1d246-9f7c-4162-8df1-666666ebd057?muted=1&amp;warningTitle=0&amp;peertubeLink=0&amp;p2p=0\" width=\"560\" height=\"315\" frameborder=\"0\" sandbox=\"allow-same-origin allow-scripts allow-popups allow-forms\" allowfullscreen=\"allowfullscreen\"><\/iframe>&nbsp;<br \/>\n<span style=\"font-size: 10pt;\">Le lien du clip <span style=\"color: #0000ff;\"><a style=\"color: #0000ff;\" href=\"https:\/\/www.youtube.com\/watch?v=iMzfWRiuqHY\" target=\"_blank\" rel=\"noopener\"><strong>ICI<\/strong><\/a><\/span><\/span><br \/>\n<span style=\"font-size: 10pt;\">Images &#8211; Montage: Jonathan Favorel, 2018<\/span><\/p>\n<p style=\"text-align: center;\"><span style=\"font-size: 14pt; color: #fcb900;\"><strong>Making-Of Clip<\/strong><strong>, Melody Linhart,&nbsp;<\/strong><strong>Everyday &#8211; Part 2<\/strong><\/span><\/p>\n<p style=\"text-align: center;\"><iframe loading=\"lazy\" title=\"Making-Of Clip Everyday - Part 2\" src=\"https:\/\/makertube.net\/videos\/embed\/8f60e779-17f1-4c28-9a0a-ebd84e9ab2a3?muted=1&amp;warningTitle=0&amp;peertubeLink=0&amp;p2p=0\" width=\"560\" height=\"315\" frameborder=\"0\" sandbox=\"allow-same-origin allow-scripts allow-popups allow-forms\" allowfullscreen=\"allowfullscreen\"><\/iframe><br \/>\n<span style=\"font-size: 10pt;\">Le lien du clip <span style=\"color: #0000ff;\"><a style=\"color: #0000ff;\" href=\"https:\/\/www.youtube.com\/watch?v=iMzfWRiuqHY\" target=\"_blank\" rel=\"noopener\"><strong>ICI<\/strong><\/a><\/span><\/span><br \/>\n<span style=\"font-size: 10pt;\">Images &#8211; Montage: Jonathan Favorel, 2018<\/span><\/p>\n<p class=\"video-info-name\" style=\"text-align: center;\"><span style=\"font-size: 14pt; color: #fcb900;\"><strong>Meilleurs Ouvriers de France<\/strong><\/span><\/p>\n<p style=\"text-align: center;\"><iframe loading=\"lazy\" title=\"MEILLEURS OUVRIERS DE FRANCE\" src=\"https:\/\/makertube.net\/videos\/embed\/be4130bf-b85b-4f59-bb53-be84607b09ac?muted=1&amp;warningTitle=0&amp;peertubeLink=0&amp;p2p=0\" width=\"560\" height=\"315\" frameborder=\"0\" sandbox=\"allow-same-origin allow-scripts allow-popups allow-forms\" allowfullscreen=\"allowfullscreen\"><\/iframe>&nbsp;<br \/>\n<span style=\"font-size: 10pt;\">Images &#8211; Montage: Equipe Uni-Editions &amp; Jonathan Favorel, 2017<\/span><\/p>\n<p class=\"video-info-name\" style=\"text-align: center;\"><span style=\"font-size: 14pt; color: #fcb900;\"><strong>Meilleurs Ouvriers de France<\/strong><\/span><\/p>\n<p style=\"text-align: center;\"><iframe loading=\"lazy\" title=\"MEILLEURS OUVRIERS DE FRANCE\" src=\"https:\/\/makertube.net\/videos\/embed\/cf464002-7640-4fa9-a5e5-f5801a5f3d1b?muted=1&amp;warningTitle=0&amp;peertubeLink=0&amp;p2p=0\" width=\"560\" height=\"315\" frameborder=\"0\" sandbox=\"allow-same-origin allow-scripts allow-popups allow-forms\" allowfullscreen=\"allowfullscreen\"><\/iframe>&nbsp;<br \/>\n<span style=\"font-size: 10pt;\">Images &#8211; Montage: Equipe Uni-Editions &amp; Jonathan Favorel, 2017<\/span><\/p>\n<p class=\"video-info-name\" style=\"text-align: center;\"><span style=\"font-size: 14pt; color: #fcb900;\"><strong>Service Apr\u00e8s-Vente &#8211; Dossier Familial<\/strong><\/span><\/p>\n<p style=\"text-align: center;\"><iframe loading=\"lazy\" title=\"Service Apr\u00e8s-Vente - Dossier Familial\" src=\"https:\/\/makertube.net\/videos\/embed\/814187a4-a25f-4cca-9205-eefbc72f1b45?muted=1&amp;warningTitle=0&amp;peertubeLink=0&amp;p2p=0\" width=\"560\" height=\"315\" frameborder=\"0\" sandbox=\"allow-same-origin allow-scripts allow-popups allow-forms\" allowfullscreen=\"allowfullscreen\"><\/iframe><br \/>\n<span style=\"font-size: 10pt;\">Images &#8211; Montage: Equipe Uni-Editions &amp; Jonathan Favorel, 2017<\/span><\/p>\n<p style=\"text-align: center;\"><span style=\"font-size: 14pt; color: #fcb900;\"><strong>R\u00e9gal Life &#8211; Nouilles Tha\u00ef<\/strong><\/span><\/p>\n<p style=\"text-align: center;\"><iframe loading=\"lazy\" title=\"R\u00e9gal Life_Nouilles Tha\u00ef\" src=\"https:\/\/makertube.net\/videos\/embed\/f16100f9-20bf-488e-8ed3-e8c340f3297f?muted=1&amp;warningTitle=0&amp;peertubeLink=0&amp;p2p=0\" width=\"560\" height=\"315\" frameborder=\"0\" sandbox=\"allow-same-origin allow-scripts allow-popups allow-forms\" allowfullscreen=\"allowfullscreen\"><\/iframe><br \/>\n<span style=\"font-size: 10pt;\">Images &#8211; Montage: Equipe Uni-Editions &amp; Jonathan Favorel, 2017<\/span><\/p>\n<p style=\"text-align: center;\"><span style=\"font-size: 14pt; color: #fcb900;\"><strong>R\u00e9gal Express &#8211; Porc au Caramel<\/strong><\/span><\/p>\n<p style=\"text-align: center;\"><iframe loading=\"lazy\" title=\"R\u00e9gal Express_Porc au Caramel\" src=\"https:\/\/makertube.net\/videos\/embed\/c8ff1a45-94b5-43cb-ad9f-0e0a8ea29f3a?muted=1&amp;warningTitle=0&amp;peertubeLink=0&amp;p2p=0\" width=\"560\" height=\"315\" frameborder=\"0\" sandbox=\"allow-same-origin allow-scripts allow-popups allow-forms\" allowfullscreen=\"allowfullscreen\"><\/iframe><br \/>\n<span style=\"font-size: 10pt;\">Images &#8211; Montage: Equipe Uni-Editions &amp; Jonathan Favorel, 2017<\/span><\/p>\n<p style=\"text-align: center;\"><span style=\"font-size: 14pt; color: #fcb900;\"><strong>Parents &#8211; Je porte b\u00e9b\u00e9 en \u00e9charpe<\/strong><\/span><\/p>\n<p style=\"text-align: center;\"><iframe loading=\"lazy\" title=\"Je porte b\u00e9b\u00e9 en \u00e9charpe\" src=\"https:\/\/makertube.net\/videos\/embed\/2fed8fbf-eb4d-44e6-822b-3eab37b7144c?muted=1&amp;warningTitle=0&amp;peertubeLink=0&amp;p2p=0\" width=\"560\" height=\"315\" frameborder=\"0\" sandbox=\"allow-same-origin allow-scripts allow-popups allow-forms\" allowfullscreen=\"allowfullscreen\"><\/iframe><br \/>\n<span style=\"font-size: 10pt;\">Images &#8211; Montage: Equipe Uni-Editions &amp; Jonathan Favorel, 2017<\/span><\/p>\n<p style=\"text-align: center;\"><span style=\"font-size: 14pt; color: #fcb900;\"><strong>Parents &#8211; Je mouche b\u00e9b\u00e9<\/strong><\/span><\/p>\n<p style=\"text-align: center;\"><iframe loading=\"lazy\" title=\"Je mouche b\u00e9b\u00e9\" src=\"https:\/\/makertube.net\/videos\/embed\/71c6c8da-86ec-409e-b69a-2df1433c848e?muted=1&amp;warningTitle=0&amp;peertubeLink=0&amp;p2p=0\" width=\"560\" height=\"315\" frameborder=\"0\" sandbox=\"allow-same-origin allow-scripts allow-popups allow-forms\" allowfullscreen=\"allowfullscreen\"><\/iframe><br \/>\n<span style=\"font-size: 10pt;\">Images &#8211; Montage: Equipe Uni-Editions &amp; Jonathan Favorel, 2017<\/span><\/p>\n","protected":false},"excerpt":{"rendered":"<p>Le Mus\u00e9e Cluny du Moyen-\u00c2ge et l&rsquo;Op\u00e9ra Garnier &#8211; Association M\u00eatis Images &#8211; Montage: Jonathan Favorel Le Mus\u00e9e de la Vie Romantique et Les Enqu\u00eates de l&rsquo;Inspecteur T. &#8211; Association M\u00eatis Images &#8211; Montage: Jonathan Favorel Le Mus\u00e9e d&rsquo;Orsay et le Bourgeois Gentilhomme de Moli\u00e8re &#8211; Association M\u00eatis Images &#8211; Montage: Jonathan Favorel Le Ch\u00e2teau [&hellip;]<\/p>\n","protected":false},"author":1,"featured_media":0,"parent":0,"menu_order":0,"comment_status":"closed","ping_status":"closed","template":"","meta":{"ngg_post_thumbnail":0,"footnotes":""},"class_list":["post-62","page","type-page","status-publish","hentry"],"yoast_head":"<!-- This site is optimized with the Yoast SEO plugin v27.0 - https:\/\/yoast.com\/product\/yoast-seo-wordpress\/ -->\n<title>Formats Courts - Jonathan Favorel<\/title>\n<meta name=\"robots\" content=\"index, follow, max-snippet:-1, max-image-preview:large, max-video-preview:-1\" \/>\n<link rel=\"canonical\" href=\"https:\/\/www.jonathanfavorel.fr\/?page_id=62\" \/>\n<meta property=\"og:locale\" content=\"fr_FR\" \/>\n<meta property=\"og:type\" content=\"article\" \/>\n<meta property=\"og:title\" content=\"Formats Courts - Jonathan Favorel\" \/>\n<meta property=\"og:description\" content=\"Le Mus\u00e9e Cluny du Moyen-\u00c2ge et l&rsquo;Op\u00e9ra Garnier &#8211; Association M\u00eatis Images &#8211; Montage: Jonathan Favorel Le Mus\u00e9e de la Vie Romantique et Les Enqu\u00eates de l&rsquo;Inspecteur T. &#8211; Association M\u00eatis Images &#8211; Montage: Jonathan Favorel Le Mus\u00e9e d&rsquo;Orsay et le Bourgeois Gentilhomme de Moli\u00e8re &#8211; Association M\u00eatis Images &#8211; Montage: Jonathan Favorel Le Ch\u00e2teau [&hellip;]\" \/>\n<meta property=\"og:url\" content=\"https:\/\/www.jonathanfavorel.fr\/?page_id=62\" \/>\n<meta property=\"og:site_name\" content=\"Jonathan Favorel\" \/>\n<meta property=\"article:modified_time\" content=\"2024-07-25T16:03:10+00:00\" \/>\n<meta name=\"twitter:card\" content=\"summary_large_image\" \/>\n<meta name=\"twitter:label1\" content=\"Dur\u00e9e de lecture estim\u00e9e\" \/>\n\t<meta name=\"twitter:data1\" content=\"2 minutes\" \/>\n<script type=\"application\/ld+json\" class=\"yoast-schema-graph\">{\"@context\":\"https:\/\/schema.org\",\"@graph\":[{\"@type\":\"WebPage\",\"@id\":\"https:\/\/www.jonathanfavorel.fr\/?page_id=62\",\"url\":\"https:\/\/www.jonathanfavorel.fr\/?page_id=62\",\"name\":\"Formats Courts - Jonathan Favorel\",\"isPartOf\":{\"@id\":\"https:\/\/www.jonathanfavorel.fr\/#website\"},\"datePublished\":\"2024-06-26T14:04:25+00:00\",\"dateModified\":\"2024-07-25T16:03:10+00:00\",\"breadcrumb\":{\"@id\":\"https:\/\/www.jonathanfavorel.fr\/?page_id=62#breadcrumb\"},\"inLanguage\":\"fr-FR\",\"potentialAction\":[{\"@type\":\"ReadAction\",\"target\":[\"https:\/\/www.jonathanfavorel.fr\/?page_id=62\"]}]},{\"@type\":\"BreadcrumbList\",\"@id\":\"https:\/\/www.jonathanfavorel.fr\/?page_id=62#breadcrumb\",\"itemListElement\":[{\"@type\":\"ListItem\",\"position\":1,\"name\":\"Accueil\",\"item\":\"https:\/\/www.jonathanfavorel.fr\/\"},{\"@type\":\"ListItem\",\"position\":2,\"name\":\"Formats Courts\"}]},{\"@type\":\"WebSite\",\"@id\":\"https:\/\/www.jonathanfavorel.fr\/#website\",\"url\":\"https:\/\/www.jonathanfavorel.fr\/\",\"name\":\"Jonathan Favorel\",\"description\":\"R\u00e9alisation Vid\u00e9o \/ Postproduction\",\"potentialAction\":[{\"@type\":\"SearchAction\",\"target\":{\"@type\":\"EntryPoint\",\"urlTemplate\":\"https:\/\/www.jonathanfavorel.fr\/?s={search_term_string}\"},\"query-input\":{\"@type\":\"PropertyValueSpecification\",\"valueRequired\":true,\"valueName\":\"search_term_string\"}}],\"inLanguage\":\"fr-FR\"}]}<\/script>\n<!-- \/ Yoast SEO plugin. -->","yoast_head_json":{"title":"Formats Courts - Jonathan Favorel","robots":{"index":"index","follow":"follow","max-snippet":"max-snippet:-1","max-image-preview":"max-image-preview:large","max-video-preview":"max-video-preview:-1"},"canonical":"https:\/\/www.jonathanfavorel.fr\/?page_id=62","og_locale":"fr_FR","og_type":"article","og_title":"Formats Courts - Jonathan Favorel","og_description":"Le Mus\u00e9e Cluny du Moyen-\u00c2ge et l&rsquo;Op\u00e9ra Garnier &#8211; Association M\u00eatis Images &#8211; Montage: Jonathan Favorel Le Mus\u00e9e de la Vie Romantique et Les Enqu\u00eates de l&rsquo;Inspecteur T. &#8211; Association M\u00eatis Images &#8211; Montage: Jonathan Favorel Le Mus\u00e9e d&rsquo;Orsay et le Bourgeois Gentilhomme de Moli\u00e8re &#8211; Association M\u00eatis Images &#8211; Montage: Jonathan Favorel Le Ch\u00e2teau [&hellip;]","og_url":"https:\/\/www.jonathanfavorel.fr\/?page_id=62","og_site_name":"Jonathan Favorel","article_modified_time":"2024-07-25T16:03:10+00:00","twitter_card":"summary_large_image","twitter_misc":{"Dur\u00e9e de lecture estim\u00e9e":"2 minutes"},"schema":{"@context":"https:\/\/schema.org","@graph":[{"@type":"WebPage","@id":"https:\/\/www.jonathanfavorel.fr\/?page_id=62","url":"https:\/\/www.jonathanfavorel.fr\/?page_id=62","name":"Formats Courts - Jonathan Favorel","isPartOf":{"@id":"https:\/\/www.jonathanfavorel.fr\/#website"},"datePublished":"2024-06-26T14:04:25+00:00","dateModified":"2024-07-25T16:03:10+00:00","breadcrumb":{"@id":"https:\/\/www.jonathanfavorel.fr\/?page_id=62#breadcrumb"},"inLanguage":"fr-FR","potentialAction":[{"@type":"ReadAction","target":["https:\/\/www.jonathanfavorel.fr\/?page_id=62"]}]},{"@type":"BreadcrumbList","@id":"https:\/\/www.jonathanfavorel.fr\/?page_id=62#breadcrumb","itemListElement":[{"@type":"ListItem","position":1,"name":"Accueil","item":"https:\/\/www.jonathanfavorel.fr\/"},{"@type":"ListItem","position":2,"name":"Formats Courts"}]},{"@type":"WebSite","@id":"https:\/\/www.jonathanfavorel.fr\/#website","url":"https:\/\/www.jonathanfavorel.fr\/","name":"Jonathan Favorel","description":"R\u00e9alisation Vid\u00e9o \/ Postproduction","potentialAction":[{"@type":"SearchAction","target":{"@type":"EntryPoint","urlTemplate":"https:\/\/www.jonathanfavorel.fr\/?s={search_term_string}"},"query-input":{"@type":"PropertyValueSpecification","valueRequired":true,"valueName":"search_term_string"}}],"inLanguage":"fr-FR"}]}},"jetpack_sharing_enabled":true,"_links":{"self":[{"href":"https:\/\/www.jonathanfavorel.fr\/index.php?rest_route=\/wp\/v2\/pages\/62","targetHints":{"allow":["GET"]}}],"collection":[{"href":"https:\/\/www.jonathanfavorel.fr\/index.php?rest_route=\/wp\/v2\/pages"}],"about":[{"href":"https:\/\/www.jonathanfavorel.fr\/index.php?rest_route=\/wp\/v2\/types\/page"}],"author":[{"embeddable":true,"href":"https:\/\/www.jonathanfavorel.fr\/index.php?rest_route=\/wp\/v2\/users\/1"}],"replies":[{"embeddable":true,"href":"https:\/\/www.jonathanfavorel.fr\/index.php?rest_route=%2Fwp%2Fv2%2Fcomments&post=62"}],"version-history":[{"count":44,"href":"https:\/\/www.jonathanfavorel.fr\/index.php?rest_route=\/wp\/v2\/pages\/62\/revisions"}],"predecessor-version":[{"id":959,"href":"https:\/\/www.jonathanfavorel.fr\/index.php?rest_route=\/wp\/v2\/pages\/62\/revisions\/959"}],"wp:attachment":[{"href":"https:\/\/www.jonathanfavorel.fr\/index.php?rest_route=%2Fwp%2Fv2%2Fmedia&parent=62"}],"curies":[{"name":"wp","href":"https:\/\/api.w.org\/{rel}","templated":true}]}}