{"id":60,"date":"2024-06-26T16:04:11","date_gmt":"2024-06-26T14:04:11","guid":{"rendered":"https:\/\/jonathanfavorel.fr\/?page_id=60"},"modified":"2024-07-25T19:14:37","modified_gmt":"2024-07-25T17:14:37","slug":"communication","status":"publish","type":"page","link":"https:\/\/www.jonathanfavorel.fr\/?page_id=60","title":{"rendered":"Communication"},"content":{"rendered":"<div>\n<p style=\"text-align: center;\"><span style=\"color: #fcb900; font-size: 14pt;\"><strong>Association M\u00eatis &#8211; Pr\u00e9sentation (2022)<\/strong><\/span><\/p>\n<p style=\"text-align: center;\"><iframe loading=\"lazy\" title=\"Association M\u00eatis - Pr\u00e9sentation en Image (2022)\" src=\"https:\/\/makertube.net\/videos\/embed\/fb1e5bf1-6965-41be-bda6-c8dd27bcd5c5?muted=1&amp;warningTitle=0&amp;peertubeLink=0&amp;p2p=0\" width=\"560\" height=\"315\" frameborder=\"0\" sandbox=\"allow-same-origin allow-scripts allow-popups allow-forms\" allowfullscreen=\"allowfullscreen\"><\/iframe><\/p>\n<p style=\"text-align: center;\"><span style=\"font-size: 10pt;\">Images &#8211; Montage: Jonathan Favorel<\/span><\/p>\n<p id=\"media-title\" class=\"Typography__h5___3Y-Y6 NewVideoInfoTitle__videoTitle___3kiXi\" style=\"text-align: center;\"><span style=\"color: #fcb900; font-size: 14pt;\"><strong>Association M\u00eatis &#8211; Les Clubs de la R\u00e9ussite (2008-2020)<\/strong><\/span><\/p>\n<p style=\"text-align: center;\"><iframe loading=\"lazy\" title=\"Les Clubs de la R\u00e9ussite 2008-2020 - Association M\u00eatis\" src=\"https:\/\/makertube.net\/videos\/embed\/6d2b0383-81be-4a02-9e8a-c70316ca8fb4?muted=1&amp;warningTitle=0&amp;peertubeLink=0&amp;p2p=0\" width=\"560\" height=\"315\" frameborder=\"0\" sandbox=\"allow-same-origin allow-scripts allow-popups allow-forms\" allowfullscreen=\"allowfullscreen\"><\/iframe><\/p>\n<p style=\"text-align: center;\"><span style=\"font-size: 10pt;\">Montage: Jonathan Favorel<\/span><\/p>\n<p id=\"media-title\" class=\"Typography__h5___3Y-Y6 NewVideoInfoTitle__videoTitle___3kiXi\" style=\"text-align: center;\"><span style=\"color: #fcb900; font-size: 14pt;\"><strong>Accompagnement \u00e0 la Scolarit\u00e9 Juillet 2020 &#8211; Association M\u00eatis<\/strong><\/span><\/p>\n<p style=\"text-align: center;\"><iframe loading=\"lazy\" title=\"Accompagnement \u00e0 la Scolarit\u00e9 Juillet 2020 - Association M\u00eatis\" src=\"https:\/\/makertube.net\/videos\/embed\/2c00ff34-ae1c-4f84-9565-7a424eb18a5b?muted=1&amp;warningTitle=0&amp;peertubeLink=0&amp;p2p=0\" width=\"560\" height=\"315\" frameborder=\"0\" sandbox=\"allow-same-origin allow-scripts allow-popups allow-forms\" allowfullscreen=\"allowfullscreen\"><\/iframe>&nbsp;<\/p>\n<\/div>\n<p style=\"text-align: center;\"><span style=\"font-size: 10pt;\">Images &#8211; Montage: Jonathan Favorel<\/span><\/p>\n<p style=\"text-align: center;\"><span style=\"color: #fcb900; font-size: 14pt;\"><strong>Association France-Oural &#8211; <\/strong><strong>Pr\u00e9sentation des Journ\u00e9es du Livre Russe 2020<\/strong><\/span><\/p>\n<p style=\"text-align: center;\"><iframe loading=\"lazy\" title=\"Pr\u00e9sentation des Journ\u00e9es du Livre Russe 2020\" src=\"https:\/\/makertube.net\/videos\/embed\/3701340f-0d3e-43eb-a72d-3358f83630d8?muted=1&amp;warningTitle=0&amp;peertubeLink=0&amp;p2p=0\" width=\"560\" height=\"315\" frameborder=\"0\" sandbox=\"allow-same-origin allow-scripts allow-popups allow-forms\" allowfullscreen=\"allowfullscreen\"><\/iframe><\/p>\n<p style=\"text-align: center;\"><span style=\"font-size: 10pt;\">Images &#8211; Montage: Jonathan Favorel (+Images Additionnelles: Equipe France-Oural)<\/span><\/p>\n<p style=\"text-align: center;\"><span style=\"color: #fcb900; font-size: 14pt;\"><strong>Association France-Oural &#8211;&nbsp;<\/strong><strong>Pr\u00e9sentation des Journ\u00e9es du Livre Russe 2019<\/strong><\/span><\/p>\n<p style=\"text-align: center;\"><iframe loading=\"lazy\" title=\"Pr\u00e9sentation des Journ\u00e9es du Livre Russe 2019 \u00e0 Paris\" src=\"https:\/\/makertube.net\/videos\/embed\/8bcb9dc8-ee8d-4700-8301-f71b91d0140c?muted=1&amp;warningTitle=0&amp;peertubeLink=0&amp;p2p=0\" width=\"560\" height=\"315\" frameborder=\"0\" sandbox=\"allow-same-origin allow-scripts allow-popups allow-forms\" allowfullscreen=\"allowfullscreen\"><\/iframe><\/p>\n<p style=\"text-align: center;\"><span style=\"font-size: 10pt;\">Images &#8211; Montage: Jonathan Favorel<\/span><\/p>\n<p id=\"media-title\" class=\"Typography__h5___3Y-Y6 NewVideoInfoTitle__videoTitle___3kiXi\" style=\"text-align: center;\"><span style=\"font-size: 14pt; color: #fcb900;\"><strong>Appel \u00e0 crowdfunding &#8211; Bonhomme de Bois d&rsquo;Eb\u00e8ne<\/strong><\/span><\/p>\n<p style=\"text-align: center;\"><iframe loading=\"lazy\" title=\"Appel \u00e0 crowdfunding - Bonhomme de Bois d'\u00e9b\u00e8ne\" src=\"https:\/\/makertube.net\/videos\/embed\/536e441a-cc0a-4c3e-9f4c-aee8478161de?muted=1&amp;warningTitle=0&amp;peertubeLink=0&amp;p2p=0\" width=\"560\" height=\"315\" frameborder=\"0\" sandbox=\"allow-same-origin allow-scripts allow-popups allow-forms\" allowfullscreen=\"allowfullscreen\"><\/iframe><\/p>\n<p style=\"text-align: center;\"><span style=\"font-size: 10pt;\">Images &#8211; Montage: Jonathan Favorel<\/span><\/p>\n<p style=\"text-align: center;\"><span style=\"font-size: 14pt; color: #fcb900;\"><strong>Cr\u00e9dit Agricole &#8211;&nbsp;La Banque Relationnelle<\/strong><\/span><\/p>\n<p style=\"text-align: center;\"><iframe loading=\"lazy\" title=\"La Banque Relationnelle\" src=\"https:\/\/makertube.net\/videos\/embed\/6af15b59-34d9-43a6-8239-ac9990e06823?muted=1&amp;warningTitle=0&amp;peertubeLink=0&amp;p2p=0\" width=\"560\" height=\"315\" frameborder=\"0\" sandbox=\"allow-same-origin allow-scripts allow-popups allow-forms\" allowfullscreen=\"allowfullscreen\"><\/iframe>&nbsp;<\/p>\n<p style=\"text-align: center;\"><span style=\"font-size: 10pt;\">Images &#8211; Montage: Equipe Uni-Editions et Jonathan Favorel<\/span><\/p>\n<p style=\"text-align: center;\"><span style=\"color: #fcb900; font-size: 14pt;\"><strong>Cr\u00e9dit Agricole &#8211; Le Plan de Communication Annuel 2018<\/strong><\/span><\/p>\n<div class=\"responsive-object\">\n<p style=\"text-align: center;\"><iframe loading=\"lazy\" title=\"Le Plan de Communication Annuel 2018\" src=\"https:\/\/makertube.net\/videos\/embed\/637fce03-1651-4a95-8b5b-d012c8963e67?muted=1&amp;warningTitle=0&amp;peertubeLink=0&amp;p2p=0\" width=\"560\" height=\"315\" frameborder=\"0\" sandbox=\"allow-same-origin allow-scripts allow-popups allow-forms\" allowfullscreen=\"allowfullscreen\"><\/iframe><\/p>\n<p style=\"text-align: center;\"><span style=\"font-size: 10pt;\">Images &#8211; Montage: Equipe Uni-Editions et Jonathan Favorel<\/span><\/p>\n<\/div>\n","protected":false},"excerpt":{"rendered":"<p>Association M\u00eatis &#8211; Pr\u00e9sentation (2022) Images &#8211; Montage: Jonathan Favorel Association M\u00eatis &#8211; Les Clubs de la R\u00e9ussite (2008-2020) Montage: Jonathan Favorel Accompagnement \u00e0 la Scolarit\u00e9 Juillet 2020 &#8211; Association M\u00eatis &nbsp; Images &#8211; Montage: Jonathan Favorel Association France-Oural &#8211; Pr\u00e9sentation des Journ\u00e9es du Livre Russe 2020 Images &#8211; Montage: Jonathan Favorel (+Images Additionnelles: Equipe [&hellip;]<\/p>\n","protected":false},"author":1,"featured_media":0,"parent":0,"menu_order":0,"comment_status":"closed","ping_status":"closed","template":"","meta":{"ngg_post_thumbnail":0,"footnotes":""},"class_list":["post-60","page","type-page","status-publish","hentry"],"yoast_head":"<!-- This site is optimized with the Yoast SEO plugin v27.0 - https:\/\/yoast.com\/product\/yoast-seo-wordpress\/ -->\n<title>Communication - Jonathan Favorel<\/title>\n<meta name=\"robots\" content=\"index, follow, max-snippet:-1, max-image-preview:large, max-video-preview:-1\" \/>\n<link rel=\"canonical\" href=\"https:\/\/www.jonathanfavorel.fr\/?page_id=60\" \/>\n<meta property=\"og:locale\" content=\"fr_FR\" \/>\n<meta property=\"og:type\" content=\"article\" \/>\n<meta property=\"og:title\" content=\"Communication - Jonathan Favorel\" \/>\n<meta property=\"og:description\" content=\"Association M\u00eatis &#8211; Pr\u00e9sentation (2022) Images &#8211; Montage: Jonathan Favorel Association M\u00eatis &#8211; Les Clubs de la R\u00e9ussite (2008-2020) Montage: Jonathan Favorel Accompagnement \u00e0 la Scolarit\u00e9 Juillet 2020 &#8211; Association M\u00eatis &nbsp; Images &#8211; Montage: Jonathan Favorel Association France-Oural &#8211; Pr\u00e9sentation des Journ\u00e9es du Livre Russe 2020 Images &#8211; Montage: Jonathan Favorel (+Images Additionnelles: Equipe [&hellip;]\" \/>\n<meta property=\"og:url\" content=\"https:\/\/www.jonathanfavorel.fr\/?page_id=60\" \/>\n<meta property=\"og:site_name\" content=\"Jonathan Favorel\" \/>\n<meta property=\"article:modified_time\" content=\"2024-07-25T17:14:37+00:00\" \/>\n<meta name=\"twitter:card\" content=\"summary_large_image\" \/>\n<meta name=\"twitter:label1\" content=\"Dur\u00e9e de lecture estim\u00e9e\" \/>\n\t<meta name=\"twitter:data1\" content=\"1 minute\" \/>\n<script type=\"application\/ld+json\" class=\"yoast-schema-graph\">{\"@context\":\"https:\/\/schema.org\",\"@graph\":[{\"@type\":\"WebPage\",\"@id\":\"https:\/\/www.jonathanfavorel.fr\/?page_id=60\",\"url\":\"https:\/\/www.jonathanfavorel.fr\/?page_id=60\",\"name\":\"Communication - Jonathan Favorel\",\"isPartOf\":{\"@id\":\"https:\/\/www.jonathanfavorel.fr\/#website\"},\"datePublished\":\"2024-06-26T14:04:11+00:00\",\"dateModified\":\"2024-07-25T17:14:37+00:00\",\"breadcrumb\":{\"@id\":\"https:\/\/www.jonathanfavorel.fr\/?page_id=60#breadcrumb\"},\"inLanguage\":\"fr-FR\",\"potentialAction\":[{\"@type\":\"ReadAction\",\"target\":[\"https:\/\/www.jonathanfavorel.fr\/?page_id=60\"]}]},{\"@type\":\"BreadcrumbList\",\"@id\":\"https:\/\/www.jonathanfavorel.fr\/?page_id=60#breadcrumb\",\"itemListElement\":[{\"@type\":\"ListItem\",\"position\":1,\"name\":\"Accueil\",\"item\":\"https:\/\/www.jonathanfavorel.fr\/\"},{\"@type\":\"ListItem\",\"position\":2,\"name\":\"Communication\"}]},{\"@type\":\"WebSite\",\"@id\":\"https:\/\/www.jonathanfavorel.fr\/#website\",\"url\":\"https:\/\/www.jonathanfavorel.fr\/\",\"name\":\"Jonathan Favorel\",\"description\":\"R\u00e9alisation Vid\u00e9o \/ Postproduction\",\"potentialAction\":[{\"@type\":\"SearchAction\",\"target\":{\"@type\":\"EntryPoint\",\"urlTemplate\":\"https:\/\/www.jonathanfavorel.fr\/?s={search_term_string}\"},\"query-input\":{\"@type\":\"PropertyValueSpecification\",\"valueRequired\":true,\"valueName\":\"search_term_string\"}}],\"inLanguage\":\"fr-FR\"}]}<\/script>\n<!-- \/ Yoast SEO plugin. -->","yoast_head_json":{"title":"Communication - Jonathan Favorel","robots":{"index":"index","follow":"follow","max-snippet":"max-snippet:-1","max-image-preview":"max-image-preview:large","max-video-preview":"max-video-preview:-1"},"canonical":"https:\/\/www.jonathanfavorel.fr\/?page_id=60","og_locale":"fr_FR","og_type":"article","og_title":"Communication - Jonathan Favorel","og_description":"Association M\u00eatis &#8211; Pr\u00e9sentation (2022) Images &#8211; Montage: Jonathan Favorel Association M\u00eatis &#8211; Les Clubs de la R\u00e9ussite (2008-2020) Montage: Jonathan Favorel Accompagnement \u00e0 la Scolarit\u00e9 Juillet 2020 &#8211; Association M\u00eatis &nbsp; Images &#8211; Montage: Jonathan Favorel Association France-Oural &#8211; Pr\u00e9sentation des Journ\u00e9es du Livre Russe 2020 Images &#8211; Montage: Jonathan Favorel (+Images Additionnelles: Equipe [&hellip;]","og_url":"https:\/\/www.jonathanfavorel.fr\/?page_id=60","og_site_name":"Jonathan Favorel","article_modified_time":"2024-07-25T17:14:37+00:00","twitter_card":"summary_large_image","twitter_misc":{"Dur\u00e9e de lecture estim\u00e9e":"1 minute"},"schema":{"@context":"https:\/\/schema.org","@graph":[{"@type":"WebPage","@id":"https:\/\/www.jonathanfavorel.fr\/?page_id=60","url":"https:\/\/www.jonathanfavorel.fr\/?page_id=60","name":"Communication - Jonathan Favorel","isPartOf":{"@id":"https:\/\/www.jonathanfavorel.fr\/#website"},"datePublished":"2024-06-26T14:04:11+00:00","dateModified":"2024-07-25T17:14:37+00:00","breadcrumb":{"@id":"https:\/\/www.jonathanfavorel.fr\/?page_id=60#breadcrumb"},"inLanguage":"fr-FR","potentialAction":[{"@type":"ReadAction","target":["https:\/\/www.jonathanfavorel.fr\/?page_id=60"]}]},{"@type":"BreadcrumbList","@id":"https:\/\/www.jonathanfavorel.fr\/?page_id=60#breadcrumb","itemListElement":[{"@type":"ListItem","position":1,"name":"Accueil","item":"https:\/\/www.jonathanfavorel.fr\/"},{"@type":"ListItem","position":2,"name":"Communication"}]},{"@type":"WebSite","@id":"https:\/\/www.jonathanfavorel.fr\/#website","url":"https:\/\/www.jonathanfavorel.fr\/","name":"Jonathan Favorel","description":"R\u00e9alisation Vid\u00e9o \/ Postproduction","potentialAction":[{"@type":"SearchAction","target":{"@type":"EntryPoint","urlTemplate":"https:\/\/www.jonathanfavorel.fr\/?s={search_term_string}"},"query-input":{"@type":"PropertyValueSpecification","valueRequired":true,"valueName":"search_term_string"}}],"inLanguage":"fr-FR"}]}},"jetpack_sharing_enabled":true,"_links":{"self":[{"href":"https:\/\/www.jonathanfavorel.fr\/index.php?rest_route=\/wp\/v2\/pages\/60","targetHints":{"allow":["GET"]}}],"collection":[{"href":"https:\/\/www.jonathanfavorel.fr\/index.php?rest_route=\/wp\/v2\/pages"}],"about":[{"href":"https:\/\/www.jonathanfavorel.fr\/index.php?rest_route=\/wp\/v2\/types\/page"}],"author":[{"embeddable":true,"href":"https:\/\/www.jonathanfavorel.fr\/index.php?rest_route=\/wp\/v2\/users\/1"}],"replies":[{"embeddable":true,"href":"https:\/\/www.jonathanfavorel.fr\/index.php?rest_route=%2Fwp%2Fv2%2Fcomments&post=60"}],"version-history":[{"count":26,"href":"https:\/\/www.jonathanfavorel.fr\/index.php?rest_route=\/wp\/v2\/pages\/60\/revisions"}],"predecessor-version":[{"id":1022,"href":"https:\/\/www.jonathanfavorel.fr\/index.php?rest_route=\/wp\/v2\/pages\/60\/revisions\/1022"}],"wp:attachment":[{"href":"https:\/\/www.jonathanfavorel.fr\/index.php?rest_route=%2Fwp%2Fv2%2Fmedia&parent=60"}],"curies":[{"name":"wp","href":"https:\/\/api.w.org\/{rel}","templated":true}]}}