{"id":167,"date":"2024-07-01T15:31:50","date_gmt":"2024-07-01T13:31:50","guid":{"rendered":"https:\/\/jonathanfavorel.fr\/?page_id=167"},"modified":"2026-01-02T17:02:12","modified_gmt":"2026-01-02T16:02:12","slug":"fiction","status":"publish","type":"page","link":"https:\/\/www.jonathanfavorel.fr\/?page_id=167","title":{"rendered":"Fiction"},"content":{"rendered":"<p style=\"text-align: center;\"><span style=\"color: #fcb900;\"><strong><span style=\"font-size: 12pt;\">L&rsquo;Antre de la Chair <\/span><\/strong><\/span><\/p>\n<p style=\"text-align: center;\"><iframe loading=\"lazy\" title=\"L'ANTRE DE LA CHAIR (Bande-Annonce)\" src=\"https:\/\/makertube.net\/videos\/embed\/c065108c-ff8b-458e-b07c-a0e543fb4232?warningTitle=0&amp;peertubeLink=0&amp;p2p=0\" width=\"560\" height=\"315\" frameborder=\"0\" sandbox=\"allow-same-origin allow-scripts allow-popups allow-forms\" allowfullscreen=\"allowfullscreen\"><\/iframe><br \/>\n<span style=\"font-size: 10pt;\">Etalonnage (28 min): Jonathan Favorel<\/span><br \/>\n<span style=\"font-size: 10pt;\">R\u00e9alisation: Alexandra Robin, Les Cr\u00e9as du Chat, 2018<\/span><\/p>\n<p style=\"text-align: center;\"><span style=\"font-size: 14pt; color: #fcb900;\"><strong>B\u00e9atrice<\/strong><\/span><\/p>\n<p style=\"text-align: center;\"><iframe loading=\"lazy\" title=\"BEATRICE\" src=\"https:\/\/makertube.net\/videos\/embed\/55b1ad1b-33b1-4849-bfa1-ec366781bded?muted=1&amp;warningTitle=0&amp;peertubeLink=0&amp;p2p=0\" width=\"560\" height=\"315\" frameborder=\"0\" sandbox=\"allow-same-origin allow-scripts allow-popups allow-forms\" allowfullscreen=\"allowfullscreen\"><\/iframe><br \/>\n<span style=\"font-size: 10pt;\">Montage Image (13 min) &#8211; Suivi Postproduction: Jonathan Favorel<\/span><br \/>\n<span style=\"font-size: 10pt;\">R\u00e9alisation: Bruno Brosse, 2018<\/span><\/p>\n<p style=\"text-align: center;\"><span style=\"font-size: 14pt; color: #fcb900;\"><strong>O\u00f9 Suis-Je ?<\/strong><\/span><\/p>\n<p style=\"text-align: center;\"><strong><span style=\"font-size: 12pt; color: #ff0000;\"><iframe loading=\"lazy\" title=\"O\u00f9 Suis-je ?\" src=\"https:\/\/makertube.net\/videos\/embed\/7db4ef1b-1da1-4d74-9ffc-8349be394368?muted=1&amp;warningTitle=0&amp;peertubeLink=0&amp;p2p=0\" width=\"560\" height=\"315\" frameborder=\"0\" sandbox=\"allow-same-origin allow-scripts allow-popups allow-forms\" allowfullscreen=\"allowfullscreen\"><\/p>\n<p style=\"text-align: center;\"><span style=\"font-size: 12pt;\">Montage Image: Jonathan Favorel<br \/>\nR\u00e9alisation: MRB, 2018<\/span><\/p>\n<h6 style=\"text-align: center;\"><strong><span style=\"font-size: 12pt; color: #ff0000;\">FRUSTRATION Episode 3<\/span><\/strong><\/h6>\n<div style=\"text-align: center;\"><span style=\"color: #333333;\">Montage Image &#8211; Retouches &#8211; Etalonnage (Episodes 1 \u00e0 8): Jonathan Favorel<\/span><\/div>\n<div style=\"text-align: center;\"><span style=\"color: #333333;\">R\u00e9alisation: Les Papillons de l&rsquo;Extr\u00eame,\u00a0<\/span><span style=\"color: #333333;\">2018<\/span><\/div>\n<h6 style=\"text-align: center;\"><strong><span style=\"color: #ff0000; font-size: 12pt;\">BUNKER &#8211; Teaser Crowdfunding (6 min)<\/span><\/strong><\/h6>\n<p style=\"text-align: center;\"><iframe loading=\"lazy\" title=\"BUNKER - Teaser Crowdfunding\" src=\"https:\/\/makertube.net\/videos\/embed\/f2919417-ee6a-491d-bab4-ffc75527aaec?muted=1&amp;warningTitle=0&amp;peertubeLink=0&amp;p2p=0\" width=\"560\" height=\"315\" frameborder=\"0\" sandbox=\"allow-same-origin allow-scripts allow-popups allow-forms\" allowfullscreen=\"allowfullscreen\" data-mce-fragment=\"1\"><\/iframe><\/span><\/strong><\/p>\n<p>&nbsp;<\/p>\n<p style=\"text-align: center;\"><span style=\"font-size: 10pt;\">Montage Image &#8211; VFX : Jonathan Favorel<\/span><br \/>\n<span style=\"font-size: 10pt;\">R\u00e9alisation: MRB Production, 2016<\/span><\/p>\n","protected":false},"excerpt":{"rendered":"<p>L&rsquo;Antre de la Chair Etalonnage (28 min): Jonathan Favorel R\u00e9alisation: Alexandra Robin, Les Cr\u00e9as du Chat, 2018 B\u00e9atrice Montage Image (13 min) &#8211; Suivi Postproduction: Jonathan Favorel R\u00e9alisation: Bruno Brosse, 2018 O\u00f9 Suis-Je ? Montage Image: Jonathan Favorel R\u00e9alisation: MRB, 2018 FRUSTRATION Episode 3 Montage Image &#8211; Retouches &#8211; Etalonnage (Episodes 1 \u00e0 8): Jonathan [&hellip;]<\/p>\n","protected":false},"author":1,"featured_media":0,"parent":0,"menu_order":0,"comment_status":"closed","ping_status":"closed","template":"","meta":{"ngg_post_thumbnail":0,"footnotes":""},"class_list":["post-167","page","type-page","status-publish","hentry"],"yoast_head":"<!-- This site is optimized with the Yoast SEO plugin v27.0 - https:\/\/yoast.com\/product\/yoast-seo-wordpress\/ -->\n<title>Fiction - Jonathan Favorel<\/title>\n<meta name=\"robots\" content=\"index, follow, max-snippet:-1, max-image-preview:large, max-video-preview:-1\" \/>\n<link rel=\"canonical\" href=\"https:\/\/www.jonathanfavorel.fr\/?page_id=167\" \/>\n<meta property=\"og:locale\" content=\"fr_FR\" \/>\n<meta property=\"og:type\" content=\"article\" \/>\n<meta property=\"og:title\" content=\"Fiction - Jonathan Favorel\" \/>\n<meta property=\"og:description\" content=\"L&rsquo;Antre de la Chair Etalonnage (28 min): Jonathan Favorel R\u00e9alisation: Alexandra Robin, Les Cr\u00e9as du Chat, 2018 B\u00e9atrice Montage Image (13 min) &#8211; Suivi Postproduction: Jonathan Favorel R\u00e9alisation: Bruno Brosse, 2018 O\u00f9 Suis-Je ? Montage Image: Jonathan Favorel R\u00e9alisation: MRB, 2018 FRUSTRATION Episode 3 Montage Image &#8211; Retouches &#8211; Etalonnage (Episodes 1 \u00e0 8): Jonathan [&hellip;]\" \/>\n<meta property=\"og:url\" content=\"https:\/\/www.jonathanfavorel.fr\/?page_id=167\" \/>\n<meta property=\"og:site_name\" content=\"Jonathan Favorel\" \/>\n<meta property=\"article:modified_time\" content=\"2026-01-02T16:02:12+00:00\" \/>\n<meta name=\"twitter:card\" content=\"summary_large_image\" \/>\n<meta name=\"twitter:label1\" content=\"Dur\u00e9e de lecture estim\u00e9e\" \/>\n\t<meta name=\"twitter:data1\" content=\"1 minute\" \/>\n<script type=\"application\/ld+json\" class=\"yoast-schema-graph\">{\"@context\":\"https:\/\/schema.org\",\"@graph\":[{\"@type\":\"WebPage\",\"@id\":\"https:\/\/www.jonathanfavorel.fr\/?page_id=167\",\"url\":\"https:\/\/www.jonathanfavorel.fr\/?page_id=167\",\"name\":\"Fiction - Jonathan Favorel\",\"isPartOf\":{\"@id\":\"https:\/\/www.jonathanfavorel.fr\/#website\"},\"datePublished\":\"2024-07-01T13:31:50+00:00\",\"dateModified\":\"2026-01-02T16:02:12+00:00\",\"breadcrumb\":{\"@id\":\"https:\/\/www.jonathanfavorel.fr\/?page_id=167#breadcrumb\"},\"inLanguage\":\"fr-FR\",\"potentialAction\":[{\"@type\":\"ReadAction\",\"target\":[\"https:\/\/www.jonathanfavorel.fr\/?page_id=167\"]}]},{\"@type\":\"BreadcrumbList\",\"@id\":\"https:\/\/www.jonathanfavorel.fr\/?page_id=167#breadcrumb\",\"itemListElement\":[{\"@type\":\"ListItem\",\"position\":1,\"name\":\"Accueil\",\"item\":\"https:\/\/www.jonathanfavorel.fr\/\"},{\"@type\":\"ListItem\",\"position\":2,\"name\":\"Fiction\"}]},{\"@type\":\"WebSite\",\"@id\":\"https:\/\/www.jonathanfavorel.fr\/#website\",\"url\":\"https:\/\/www.jonathanfavorel.fr\/\",\"name\":\"Jonathan Favorel\",\"description\":\"R\u00e9alisation Vid\u00e9o \/ Postproduction\",\"potentialAction\":[{\"@type\":\"SearchAction\",\"target\":{\"@type\":\"EntryPoint\",\"urlTemplate\":\"https:\/\/www.jonathanfavorel.fr\/?s={search_term_string}\"},\"query-input\":{\"@type\":\"PropertyValueSpecification\",\"valueRequired\":true,\"valueName\":\"search_term_string\"}}],\"inLanguage\":\"fr-FR\"}]}<\/script>\n<!-- \/ Yoast SEO plugin. -->","yoast_head_json":{"title":"Fiction - Jonathan Favorel","robots":{"index":"index","follow":"follow","max-snippet":"max-snippet:-1","max-image-preview":"max-image-preview:large","max-video-preview":"max-video-preview:-1"},"canonical":"https:\/\/www.jonathanfavorel.fr\/?page_id=167","og_locale":"fr_FR","og_type":"article","og_title":"Fiction - Jonathan Favorel","og_description":"L&rsquo;Antre de la Chair Etalonnage (28 min): Jonathan Favorel R\u00e9alisation: Alexandra Robin, Les Cr\u00e9as du Chat, 2018 B\u00e9atrice Montage Image (13 min) &#8211; Suivi Postproduction: Jonathan Favorel R\u00e9alisation: Bruno Brosse, 2018 O\u00f9 Suis-Je ? Montage Image: Jonathan Favorel R\u00e9alisation: MRB, 2018 FRUSTRATION Episode 3 Montage Image &#8211; Retouches &#8211; Etalonnage (Episodes 1 \u00e0 8): Jonathan [&hellip;]","og_url":"https:\/\/www.jonathanfavorel.fr\/?page_id=167","og_site_name":"Jonathan Favorel","article_modified_time":"2026-01-02T16:02:12+00:00","twitter_card":"summary_large_image","twitter_misc":{"Dur\u00e9e de lecture estim\u00e9e":"1 minute"},"schema":{"@context":"https:\/\/schema.org","@graph":[{"@type":"WebPage","@id":"https:\/\/www.jonathanfavorel.fr\/?page_id=167","url":"https:\/\/www.jonathanfavorel.fr\/?page_id=167","name":"Fiction - Jonathan Favorel","isPartOf":{"@id":"https:\/\/www.jonathanfavorel.fr\/#website"},"datePublished":"2024-07-01T13:31:50+00:00","dateModified":"2026-01-02T16:02:12+00:00","breadcrumb":{"@id":"https:\/\/www.jonathanfavorel.fr\/?page_id=167#breadcrumb"},"inLanguage":"fr-FR","potentialAction":[{"@type":"ReadAction","target":["https:\/\/www.jonathanfavorel.fr\/?page_id=167"]}]},{"@type":"BreadcrumbList","@id":"https:\/\/www.jonathanfavorel.fr\/?page_id=167#breadcrumb","itemListElement":[{"@type":"ListItem","position":1,"name":"Accueil","item":"https:\/\/www.jonathanfavorel.fr\/"},{"@type":"ListItem","position":2,"name":"Fiction"}]},{"@type":"WebSite","@id":"https:\/\/www.jonathanfavorel.fr\/#website","url":"https:\/\/www.jonathanfavorel.fr\/","name":"Jonathan Favorel","description":"R\u00e9alisation Vid\u00e9o \/ Postproduction","potentialAction":[{"@type":"SearchAction","target":{"@type":"EntryPoint","urlTemplate":"https:\/\/www.jonathanfavorel.fr\/?s={search_term_string}"},"query-input":{"@type":"PropertyValueSpecification","valueRequired":true,"valueName":"search_term_string"}}],"inLanguage":"fr-FR"}]}},"jetpack_sharing_enabled":true,"_links":{"self":[{"href":"https:\/\/www.jonathanfavorel.fr\/index.php?rest_route=\/wp\/v2\/pages\/167","targetHints":{"allow":["GET"]}}],"collection":[{"href":"https:\/\/www.jonathanfavorel.fr\/index.php?rest_route=\/wp\/v2\/pages"}],"about":[{"href":"https:\/\/www.jonathanfavorel.fr\/index.php?rest_route=\/wp\/v2\/types\/page"}],"author":[{"embeddable":true,"href":"https:\/\/www.jonathanfavorel.fr\/index.php?rest_route=\/wp\/v2\/users\/1"}],"replies":[{"embeddable":true,"href":"https:\/\/www.jonathanfavorel.fr\/index.php?rest_route=%2Fwp%2Fv2%2Fcomments&post=167"}],"version-history":[{"count":65,"href":"https:\/\/www.jonathanfavorel.fr\/index.php?rest_route=\/wp\/v2\/pages\/167\/revisions"}],"predecessor-version":[{"id":1286,"href":"https:\/\/www.jonathanfavorel.fr\/index.php?rest_route=\/wp\/v2\/pages\/167\/revisions\/1286"}],"wp:attachment":[{"href":"https:\/\/www.jonathanfavorel.fr\/index.php?rest_route=%2Fwp%2Fv2%2Fmedia&parent=167"}],"curies":[{"name":"wp","href":"https:\/\/api.w.org\/{rel}","templated":true}]}}