{"id":126,"date":"2024-07-01T13:48:59","date_gmt":"2024-07-01T11:48:59","guid":{"rendered":"https:\/\/jonathanfavorel.fr\/?page_id=126"},"modified":"2024-07-25T18:10:40","modified_gmt":"2024-07-25T16:10:40","slug":"theatre","status":"publish","type":"page","link":"https:\/\/www.jonathanfavorel.fr\/?page_id=126","title":{"rendered":"Th\u00e9\u00e2tre"},"content":{"rendered":"<p class=\"video-info-name\" style=\"text-align: center;\"><span style=\"font-size: 14pt; color: #fcb900;\"><strong>Le Joueur d&rsquo;Echec<span style=\"color: #fcb900;\">s et l&rsquo;Institut d<\/span>u Monde Arabe<\/strong><\/span><\/p>\n<p style=\"text-align: center;\"><iframe loading=\"lazy\" title=\"Le Joueur d'Echecs et l'Institut du Monde Arabe - Association M\u00eatis\" src=\"https:\/\/makertube.net\/videos\/embed\/f070b351-2f65-4b04-9f4a-52b01c5ad085?muted=1&amp;warningTitle=0&amp;peertubeLink=0&amp;p2p=0\" width=\"560\" height=\"315\" frameborder=\"0\" sandbox=\"allow-same-origin allow-scripts allow-popups allow-forms\" allowfullscreen=\"allowfullscreen\"><\/iframe><br \/>\n<span style=\"font-size: 10pt;\">Images &#8211; Montage: Jonathan Favorel<\/span><\/p>\n<p class=\"video-info-name\" style=\"text-align: center;\"><span style=\"font-size: 14pt; color: #fcb900;\"><strong>Le Mus\u00e9e Picasso et les Fourberies de Scapin<\/strong><\/span><\/p>\n<p style=\"text-align: center;\"><iframe loading=\"lazy\" title=\"Le Mus\u00e9e Picasso et les Fourberies de Scapin - Association M\u00eatis\" src=\"https:\/\/makertube.net\/videos\/embed\/684273c6-339a-4c77-b7be-0d1c7dae5336?muted=1&amp;warningTitle=0&amp;peertubeLink=0&amp;p2p=0\" width=\"560\" height=\"315\" frameborder=\"0\" sandbox=\"allow-same-origin allow-scripts allow-popups allow-forms\" allowfullscreen=\"allowfullscreen\"><\/iframe><br \/>\n<span style=\"font-size: 10pt;\">Images &#8211; Montage: Jonathan Favorel<\/span><\/p>\n<p class=\"video-info-name\" style=\"text-align: center;\"><span style=\"font-size: 14pt; color: #fcb900;\"><strong>L&rsquo;Avare de Moli\u00e8re et le Panth\u00e9on<\/strong><\/span><\/p>\n<p style=\"text-align: center;\"><iframe loading=\"lazy\" title=\"L'Avare de Moli\u00e8re et le Panth\u00e9on - Association M\u00eatis\" src=\"https:\/\/makertube.net\/videos\/embed\/38e3c2a5-4341-45a0-8096-a040f41a45fd?muted=1&amp;warningTitle=0&amp;peertubeLink=0&amp;p2p=0\" width=\"560\" height=\"315\" frameborder=\"0\" sandbox=\"allow-same-origin allow-scripts allow-popups allow-forms\" allowfullscreen=\"allowfullscreen\"><\/iframe><br \/>\n<span style=\"font-size: 10pt;\">Images &#8211; Montage: Jonathan Favorel<\/span><\/p>\n<p style=\"text-align: center;\"><span style=\"font-size: 14pt; color: #fcb900;\"><strong>Le Malade Imaginaire de Moli\u00e8re et le Ch\u00e2teau de Fontainebleau<\/strong><\/span><\/p>\n<p style=\"text-align: center;\"><iframe loading=\"lazy\" title=\"Le Malade Imaginaire et le Ch\u00e2teau de Fontainebleau - Association M\u00eatis\" src=\"https:\/\/makertube.net\/videos\/embed\/1ec444a2-0158-48db-bf1b-8b69e1d0e50f?muted=1&amp;warningTitle=0&amp;peertubeLink=0&amp;p2p=0\" width=\"560\" height=\"315\" frameborder=\"0\" sandbox=\"allow-same-origin allow-scripts allow-popups allow-forms\" allowfullscreen=\"allowfullscreen\"><\/iframe><br \/>\n<span style=\"font-size: 10pt;\">Images &#8211; Montage: Jonathan Favorel<\/span><\/p>\n<p style=\"text-align: center;\"><span style=\"font-size: 14pt; color: #fcb900;\"><strong>On s&rsquo;est rencontr\u00e9 dans le 9.3 (37 min)<\/strong><\/span><\/p>\n<p style=\"text-align: center;\"><iframe loading=\"lazy\" title=\"ON S'EST RENCONTRE DANS LES 9.3\" src=\"https:\/\/makertube.net\/videos\/embed\/32591403-dd4e-4a1f-a3d3-7b5ebf694d28?muted=1&amp;warningTitle=0&amp;peertubeLink=0&amp;p2p=0\" width=\"560\" height=\"315\" frameborder=\"0\" sandbox=\"allow-same-origin allow-scripts allow-popups allow-forms\" allowfullscreen=\"allowfullscreen\"><\/iframe><br \/>\n<span style=\"font-size: 10pt;\">Ecriture et Mise en Sc\u00e8ne : Eve Claudel<\/span><br \/>\n<span style=\"font-size: 10pt;\">R\u00e9alisation et Postproduction : Jonathan Favorel<\/span><br \/>\n<span style=\"font-size: 10pt;\">Compagnie Ici-M\u00eame et L\u00e0 Aussi, 2021<\/span><\/p>\n<p style=\"text-align: center;\"><span style=\"color: #fcb900; font-size: 14pt;\"><strong>Stand Up<\/strong><\/span><\/p>\n<p style=\"text-align: center;\"><img decoding=\"async\" class=\"alignnone wp-image-120 size-large\" src=\"http:\/\/jonathanfavorel.fr\/wp-content\/uploads\/2024\/07\/Wonderwoman-1024x576.jpg\" alt=\"\" width=\"843\" height=\"474\" srcset=\"https:\/\/www.jonathanfavorel.fr\/wp-content\/uploads\/2024\/07\/Wonderwoman-1024x576.jpg 1024w, https:\/\/www.jonathanfavorel.fr\/wp-content\/uploads\/2024\/07\/Wonderwoman-300x169.jpg 300w, https:\/\/www.jonathanfavorel.fr\/wp-content\/uploads\/2024\/07\/Wonderwoman-768x432.jpg 768w, https:\/\/www.jonathanfavorel.fr\/wp-content\/uploads\/2024\/07\/Wonderwoman-1536x864.jpg 1536w, https:\/\/www.jonathanfavorel.fr\/wp-content\/uploads\/2024\/07\/Wonderwoman.jpg 1600w\" sizes=\"(max-width: 843px) 100vw, 843px\" \/><br \/>\n<span style=\"font-size: 10pt;\">Images-Montage: Jonathan Favorel<\/span><br \/>\n<span style=\"font-size: 10pt;\">Mise en Sc\u00e8ne: Virginie Will, 2019<\/span><\/p>\n<p style=\"text-align: center;\"><span style=\"font-size: 14pt; color: #fcb900;\"><strong>Little Red Riding Hood<\/strong><\/span><\/p>\n<p style=\"text-align: center;\"><img decoding=\"async\" class=\"alignnone wp-image-143 size-large\" src=\"http:\/\/jonathanfavorel.fr\/wp-content\/uploads\/2024\/07\/Little-Red-Riding-Hood-OZ-1024x576.jpg\" alt=\"\" width=\"843\" height=\"474\" srcset=\"https:\/\/www.jonathanfavorel.fr\/wp-content\/uploads\/2024\/07\/Little-Red-Riding-Hood-OZ-1024x576.jpg 1024w, https:\/\/www.jonathanfavorel.fr\/wp-content\/uploads\/2024\/07\/Little-Red-Riding-Hood-OZ-300x169.jpg 300w, https:\/\/www.jonathanfavorel.fr\/wp-content\/uploads\/2024\/07\/Little-Red-Riding-Hood-OZ-768x432.jpg 768w, https:\/\/www.jonathanfavorel.fr\/wp-content\/uploads\/2024\/07\/Little-Red-Riding-Hood-OZ-1536x864.jpg 1536w, https:\/\/www.jonathanfavorel.fr\/wp-content\/uploads\/2024\/07\/Little-Red-Riding-Hood-OZ.jpg 1920w\" sizes=\"(max-width: 843px) 100vw, 843px\" \/><br \/>\n<span style=\"font-size: 10pt;\">Captation Images: Jonathan Favorel<\/span><br \/>\n<span style=\"font-size: 10pt;\">Compagnie Oz, 2018<\/span><\/p>\n<p style=\"text-align: center;\"><span style=\"color: #fcb900; font-size: 14pt;\"><strong>Someone who&rsquo;ll watch over me<\/strong><\/span><\/p>\n<p style=\"text-align: center;\"><img decoding=\"async\" class=\"alignnone wp-image-119 size-large\" src=\"http:\/\/jonathanfavorel.fr\/wp-content\/uploads\/2024\/07\/Someonewholl-watch-over-me-Martin-Lewis-1024x575.jpg\" alt=\"\" width=\"843\" height=\"473\" srcset=\"https:\/\/www.jonathanfavorel.fr\/wp-content\/uploads\/2024\/07\/Someonewholl-watch-over-me-Martin-Lewis-1024x575.jpg 1024w, https:\/\/www.jonathanfavorel.fr\/wp-content\/uploads\/2024\/07\/Someonewholl-watch-over-me-Martin-Lewis-300x169.jpg 300w, https:\/\/www.jonathanfavorel.fr\/wp-content\/uploads\/2024\/07\/Someonewholl-watch-over-me-Martin-Lewis-768x432.jpg 768w, https:\/\/www.jonathanfavorel.fr\/wp-content\/uploads\/2024\/07\/Someonewholl-watch-over-me-Martin-Lewis-1536x863.jpg 1536w, https:\/\/www.jonathanfavorel.fr\/wp-content\/uploads\/2024\/07\/Someonewholl-watch-over-me-Martin-Lewis.jpg 1920w\" sizes=\"(max-width: 843px) 100vw, 843px\" \/><\/p>\n<p style=\"text-align: center;\"><span style=\"font-size: 10pt;\">Captation Images: Jonathan Favorel<\/span><br \/>\n<span style=\"font-size: 10pt;\">Mise en Sc\u00e8ne: Martin Lewis, 2018<\/span><\/p>\n<p style=\"text-align: center;\"><span style=\"color: #fcb900;\"><strong><span style=\"font-size: 14pt;\">New (Teaser Saison 7)<\/span><\/strong><\/span><\/p>\n<p style=\"text-align: center;\"><iframe loading=\"lazy\" title=\"NEW (saison 7)\" src=\"https:\/\/makertube.net\/videos\/embed\/69f1efe6-e860-48a7-95f3-333126db2587?muted=1&amp;warningTitle=0&amp;peertubeLink=0&amp;p2p=0\" width=\"560\" height=\"315\" frameborder=\"0\" sandbox=\"allow-same-origin allow-scripts allow-popups allow-forms\" allowfullscreen=\"allowfullscreen\"><\/iframe><br \/>\n<span style=\"font-size: 10pt;\">Captation Images &amp; Itws: Jonathan Favorel<\/span><br \/>\n<span style=\"font-size: 10pt;\">R\u00e9alisation: New, la Com\u00e9die Musicale Improvis\u00e9e, 2017<\/span><\/p>\n<p style=\"text-align: center;\"><span style=\"color: #fcb900; font-size: 14pt;\"><strong>New, la Com\u00e9die Musicale Improvis\u00e9e<\/strong><\/span><\/p>\n<p style=\"text-align: center;\"><img decoding=\"async\" class=\"alignnone wp-image-114 size-large\" src=\"http:\/\/jonathanfavorel.fr\/wp-content\/uploads\/2024\/07\/Miniat-New-1-1024x576.jpg\" alt=\"\" width=\"843\" height=\"474\" srcset=\"https:\/\/www.jonathanfavorel.fr\/wp-content\/uploads\/2024\/07\/Miniat-New-1-1024x576.jpg 1024w, https:\/\/www.jonathanfavorel.fr\/wp-content\/uploads\/2024\/07\/Miniat-New-1-300x169.jpg 300w, https:\/\/www.jonathanfavorel.fr\/wp-content\/uploads\/2024\/07\/Miniat-New-1-768x432.jpg 768w, https:\/\/www.jonathanfavorel.fr\/wp-content\/uploads\/2024\/07\/Miniat-New-1-1536x864.jpg 1536w, https:\/\/www.jonathanfavorel.fr\/wp-content\/uploads\/2024\/07\/Miniat-New-1.jpg 1600w\" sizes=\"(max-width: 843px) 100vw, 843px\" \/> <img decoding=\"async\" class=\"alignnone wp-image-115 size-large\" src=\"http:\/\/jonathanfavorel.fr\/wp-content\/uploads\/2024\/07\/Miniat-New-2-1024x566.jpg\" alt=\"\" width=\"843\" height=\"466\" srcset=\"https:\/\/www.jonathanfavorel.fr\/wp-content\/uploads\/2024\/07\/Miniat-New-2-1024x566.jpg 1024w, https:\/\/www.jonathanfavorel.fr\/wp-content\/uploads\/2024\/07\/Miniat-New-2-300x166.jpg 300w, https:\/\/www.jonathanfavorel.fr\/wp-content\/uploads\/2024\/07\/Miniat-New-2-768x424.jpg 768w, https:\/\/www.jonathanfavorel.fr\/wp-content\/uploads\/2024\/07\/Miniat-New-2-1536x849.jpg 1536w, https:\/\/www.jonathanfavorel.fr\/wp-content\/uploads\/2024\/07\/Miniat-New-2.jpg 1600w\" sizes=\"(max-width: 843px) 100vw, 843px\" \/><br \/>\n<span style=\"font-size: 10pt;\">Captation Images: Jonathan Favorel<\/span><br \/>\n<span style=\"font-size: 10pt;\">Compagnie New, la Com\u00e9die Musicale Improvis\u00e9e, 2016<\/span><\/p>\n<p style=\"text-align: center;\"><span style=\"font-size: 14pt; color: #fcb900;\"><strong>Boulevard Voltaire<\/strong><\/span><\/p>\n<p style=\"text-align: center;\"><img decoding=\"async\" class=\"alignnone wp-image-110 size-large\" src=\"http:\/\/jonathanfavorel.fr\/wp-content\/uploads\/2024\/07\/Boulevard-Voltaire-2-1024x576.jpg\" alt=\"\" width=\"843\" height=\"474\" srcset=\"https:\/\/www.jonathanfavorel.fr\/wp-content\/uploads\/2024\/07\/Boulevard-Voltaire-2-1024x576.jpg 1024w, https:\/\/www.jonathanfavorel.fr\/wp-content\/uploads\/2024\/07\/Boulevard-Voltaire-2-300x169.jpg 300w, https:\/\/www.jonathanfavorel.fr\/wp-content\/uploads\/2024\/07\/Boulevard-Voltaire-2-768x432.jpg 768w, https:\/\/www.jonathanfavorel.fr\/wp-content\/uploads\/2024\/07\/Boulevard-Voltaire-2-1536x864.jpg 1536w, https:\/\/www.jonathanfavorel.fr\/wp-content\/uploads\/2024\/07\/Boulevard-Voltaire-2.jpg 1600w\" sizes=\"(max-width: 843px) 100vw, 843px\" \/> <img decoding=\"async\" class=\"alignnone wp-image-111 size-large\" src=\"http:\/\/jonathanfavorel.fr\/wp-content\/uploads\/2024\/07\/Boulevard-Voltaire-3-1024x576.jpg\" alt=\"\" width=\"843\" height=\"474\" srcset=\"https:\/\/www.jonathanfavorel.fr\/wp-content\/uploads\/2024\/07\/Boulevard-Voltaire-3-1024x576.jpg 1024w, https:\/\/www.jonathanfavorel.fr\/wp-content\/uploads\/2024\/07\/Boulevard-Voltaire-3-300x169.jpg 300w, https:\/\/www.jonathanfavorel.fr\/wp-content\/uploads\/2024\/07\/Boulevard-Voltaire-3-768x432.jpg 768w, https:\/\/www.jonathanfavorel.fr\/wp-content\/uploads\/2024\/07\/Boulevard-Voltaire-3-1536x864.jpg 1536w, https:\/\/www.jonathanfavorel.fr\/wp-content\/uploads\/2024\/07\/Boulevard-Voltaire-3.jpg 1600w\" sizes=\"(max-width: 843px) 100vw, 843px\" \/> <img decoding=\"async\" class=\"alignnone wp-image-112 size-large\" src=\"http:\/\/jonathanfavorel.fr\/wp-content\/uploads\/2024\/07\/Boulevard-Voltaire-4-1024x576.jpg\" alt=\"\" width=\"843\" height=\"474\" srcset=\"https:\/\/www.jonathanfavorel.fr\/wp-content\/uploads\/2024\/07\/Boulevard-Voltaire-4-1024x576.jpg 1024w, https:\/\/www.jonathanfavorel.fr\/wp-content\/uploads\/2024\/07\/Boulevard-Voltaire-4-300x169.jpg 300w, https:\/\/www.jonathanfavorel.fr\/wp-content\/uploads\/2024\/07\/Boulevard-Voltaire-4-768x432.jpg 768w, https:\/\/www.jonathanfavorel.fr\/wp-content\/uploads\/2024\/07\/Boulevard-Voltaire-4-1536x864.jpg 1536w, https:\/\/www.jonathanfavorel.fr\/wp-content\/uploads\/2024\/07\/Boulevard-Voltaire-4.jpg 1600w\" sizes=\"(max-width: 843px) 100vw, 843px\" \/><br \/>\n<span style=\"font-size: 10pt;\">Images-Montage du Teaser: Jonathan Favorel<\/span><br \/>\n<span style=\"font-size: 10pt;\">Mise en Sc\u00e8ne: S\u00e9bastien Scherr, 2016<\/span><\/p>\n<p style=\"text-align: center;\"><span style=\"font-size: 14pt; color: #fcb900;\"><strong>Effervescence Macadam (2015)<\/strong><\/span><\/p>\n<p style=\"text-align: center;\"><img decoding=\"async\" class=\"aligncenter wp-image-800 size-large\" src=\"http:\/\/jonathanfavorel.fr\/wp-content\/uploads\/2024\/07\/miniat-effervescence-1024x575.jpg\" alt=\"\" width=\"843\" height=\"473\" srcset=\"https:\/\/www.jonathanfavorel.fr\/wp-content\/uploads\/2024\/07\/miniat-effervescence-1024x575.jpg 1024w, https:\/\/www.jonathanfavorel.fr\/wp-content\/uploads\/2024\/07\/miniat-effervescence-300x168.jpg 300w, https:\/\/www.jonathanfavorel.fr\/wp-content\/uploads\/2024\/07\/miniat-effervescence-768x431.jpg 768w, https:\/\/www.jonathanfavorel.fr\/wp-content\/uploads\/2024\/07\/miniat-effervescence-1536x862.jpg 1536w, https:\/\/www.jonathanfavorel.fr\/wp-content\/uploads\/2024\/07\/miniat-effervescence.jpg 1920w\" sizes=\"(max-width: 843px) 100vw, 843px\" \/><br \/>\n<span style=\"font-size: 10pt;\">Images-Montage: Jonathan Favorel<\/span><br \/>\n<span style=\"font-size: 10pt;\">Compagnie Frichti Concept, 2015<\/span><\/p>\n<p style=\"text-align: center;\"><span style=\"font-size: 14pt; color: #fcb900;\"><strong>Peinture Vivante (2015)<\/strong><\/span><\/p>\n<p style=\"text-align: center;\"><img decoding=\"async\" class=\"aligncenter wp-image-798 size-large\" src=\"http:\/\/jonathanfavorel.fr\/wp-content\/uploads\/2024\/07\/image_2024-07-14_113214855-1024x576.jpg\" alt=\"\" width=\"843\" height=\"474\" srcset=\"https:\/\/www.jonathanfavorel.fr\/wp-content\/uploads\/2024\/07\/image_2024-07-14_113214855-1024x576.jpg 1024w, https:\/\/www.jonathanfavorel.fr\/wp-content\/uploads\/2024\/07\/image_2024-07-14_113214855-300x169.jpg 300w, https:\/\/www.jonathanfavorel.fr\/wp-content\/uploads\/2024\/07\/image_2024-07-14_113214855-768x432.jpg 768w, https:\/\/www.jonathanfavorel.fr\/wp-content\/uploads\/2024\/07\/image_2024-07-14_113214855-1536x864.jpg 1536w, https:\/\/www.jonathanfavorel.fr\/wp-content\/uploads\/2024\/07\/image_2024-07-14_113214855.jpg 1920w\" sizes=\"(max-width: 843px) 100vw, 843px\" \/><br \/>\n<span style=\"font-size: 10pt;\">Images-Montage: Jonathan Favorel<\/span><br \/>\n<span style=\"font-size: 10pt;\">Daiana Senaf \/ Malena Grilli, 2015<\/span><\/p>\n<p style=\"text-align: center;\"><span style=\"font-size: 14pt; color: #fcb900;\"><strong>G\u00e9rard le Canard (2015)<\/strong><\/span><\/p>\n<p style=\"text-align: center;\"><img decoding=\"async\" class=\"alignnone wp-image-107 size-large\" src=\"http:\/\/jonathanfavorel.fr\/wp-content\/uploads\/2024\/07\/miniat-2-gerard-1024x583.jpg\" alt=\"\" width=\"843\" height=\"480\" srcset=\"https:\/\/www.jonathanfavorel.fr\/wp-content\/uploads\/2024\/07\/miniat-2-gerard-1024x583.jpg 1024w, https:\/\/www.jonathanfavorel.fr\/wp-content\/uploads\/2024\/07\/miniat-2-gerard-300x171.jpg 300w, https:\/\/www.jonathanfavorel.fr\/wp-content\/uploads\/2024\/07\/miniat-2-gerard-768x437.jpg 768w, https:\/\/www.jonathanfavorel.fr\/wp-content\/uploads\/2024\/07\/miniat-2-gerard-1536x874.jpg 1536w, https:\/\/www.jonathanfavorel.fr\/wp-content\/uploads\/2024\/07\/miniat-2-gerard.jpg 1564w\" sizes=\"(max-width: 843px) 100vw, 843px\" \/> <img decoding=\"async\" class=\"alignnone wp-image-108 size-large\" src=\"http:\/\/jonathanfavorel.fr\/wp-content\/uploads\/2024\/07\/miniat-3-gerard-1024x576.jpg\" alt=\"\" width=\"843\" height=\"474\" srcset=\"https:\/\/www.jonathanfavorel.fr\/wp-content\/uploads\/2024\/07\/miniat-3-gerard-1024x576.jpg 1024w, https:\/\/www.jonathanfavorel.fr\/wp-content\/uploads\/2024\/07\/miniat-3-gerard-300x169.jpg 300w, https:\/\/www.jonathanfavorel.fr\/wp-content\/uploads\/2024\/07\/miniat-3-gerard-768x432.jpg 768w, https:\/\/www.jonathanfavorel.fr\/wp-content\/uploads\/2024\/07\/miniat-3-gerard-1536x864.jpg 1536w, https:\/\/www.jonathanfavorel.fr\/wp-content\/uploads\/2024\/07\/miniat-3-gerard.jpg 1600w\" sizes=\"(max-width: 843px) 100vw, 843px\" \/><br \/>\n<span style=\"font-size: 10pt;\">Images-Montage: Jonathan Favorel<\/span><br \/>\n<span style=\"font-size: 10pt;\">Compagnie Ici-M\u00eame et L\u00e0 Aussi, 2015<\/span><\/p>\n","protected":false},"excerpt":{"rendered":"<p>Le Joueur d&rsquo;Echecs et l&rsquo;Institut du Monde Arabe Images &#8211; Montage: Jonathan Favorel Le Mus\u00e9e Picasso et les Fourberies de Scapin Images &#8211; Montage: Jonathan Favorel L&rsquo;Avare de Moli\u00e8re et le Panth\u00e9on Images &#8211; Montage: Jonathan Favorel Le Malade Imaginaire de Moli\u00e8re et le Ch\u00e2teau de Fontainebleau Images &#8211; Montage: Jonathan Favorel On s&rsquo;est rencontr\u00e9 [&hellip;]<\/p>\n","protected":false},"author":1,"featured_media":0,"parent":0,"menu_order":0,"comment_status":"closed","ping_status":"closed","template":"","meta":{"ngg_post_thumbnail":0,"footnotes":""},"class_list":["post-126","page","type-page","status-publish","hentry"],"yoast_head":"<!-- This site is optimized with the Yoast SEO plugin v27.0 - https:\/\/yoast.com\/product\/yoast-seo-wordpress\/ -->\n<title>Th\u00e9\u00e2tre - Jonathan Favorel<\/title>\n<meta name=\"robots\" content=\"index, follow, max-snippet:-1, max-image-preview:large, max-video-preview:-1\" \/>\n<link rel=\"canonical\" href=\"https:\/\/www.jonathanfavorel.fr\/?page_id=126\" \/>\n<meta property=\"og:locale\" content=\"fr_FR\" \/>\n<meta property=\"og:type\" content=\"article\" \/>\n<meta property=\"og:title\" content=\"Th\u00e9\u00e2tre - Jonathan Favorel\" \/>\n<meta property=\"og:description\" content=\"Le Joueur d&rsquo;Echecs et l&rsquo;Institut du Monde Arabe Images &#8211; Montage: Jonathan Favorel Le Mus\u00e9e Picasso et les Fourberies de Scapin Images &#8211; Montage: Jonathan Favorel L&rsquo;Avare de Moli\u00e8re et le Panth\u00e9on Images &#8211; Montage: Jonathan Favorel Le Malade Imaginaire de Moli\u00e8re et le Ch\u00e2teau de Fontainebleau Images &#8211; Montage: Jonathan Favorel On s&rsquo;est rencontr\u00e9 [&hellip;]\" \/>\n<meta property=\"og:url\" content=\"https:\/\/www.jonathanfavorel.fr\/?page_id=126\" \/>\n<meta property=\"og:site_name\" content=\"Jonathan Favorel\" \/>\n<meta property=\"article:modified_time\" content=\"2024-07-25T16:10:40+00:00\" \/>\n<meta property=\"og:image\" content=\"http:\/\/jonathanfavorel.fr\/wp-content\/uploads\/2024\/07\/Wonderwoman-1024x576.jpg\" \/>\n<meta name=\"twitter:card\" content=\"summary_large_image\" \/>\n<meta name=\"twitter:label1\" content=\"Dur\u00e9e de lecture estim\u00e9e\" \/>\n\t<meta name=\"twitter:data1\" content=\"4 minutes\" \/>\n<script type=\"application\/ld+json\" class=\"yoast-schema-graph\">{\"@context\":\"https:\/\/schema.org\",\"@graph\":[{\"@type\":\"WebPage\",\"@id\":\"https:\/\/www.jonathanfavorel.fr\/?page_id=126\",\"url\":\"https:\/\/www.jonathanfavorel.fr\/?page_id=126\",\"name\":\"Th\u00e9\u00e2tre - Jonathan Favorel\",\"isPartOf\":{\"@id\":\"https:\/\/www.jonathanfavorel.fr\/#website\"},\"primaryImageOfPage\":{\"@id\":\"https:\/\/www.jonathanfavorel.fr\/?page_id=126#primaryimage\"},\"image\":{\"@id\":\"https:\/\/www.jonathanfavorel.fr\/?page_id=126#primaryimage\"},\"thumbnailUrl\":\"http:\/\/jonathanfavorel.fr\/wp-content\/uploads\/2024\/07\/Wonderwoman-1024x576.jpg\",\"datePublished\":\"2024-07-01T11:48:59+00:00\",\"dateModified\":\"2024-07-25T16:10:40+00:00\",\"breadcrumb\":{\"@id\":\"https:\/\/www.jonathanfavorel.fr\/?page_id=126#breadcrumb\"},\"inLanguage\":\"fr-FR\",\"potentialAction\":[{\"@type\":\"ReadAction\",\"target\":[\"https:\/\/www.jonathanfavorel.fr\/?page_id=126\"]}]},{\"@type\":\"ImageObject\",\"inLanguage\":\"fr-FR\",\"@id\":\"https:\/\/www.jonathanfavorel.fr\/?page_id=126#primaryimage\",\"url\":\"http:\/\/jonathanfavorel.fr\/wp-content\/uploads\/2024\/07\/Wonderwoman-1024x576.jpg\",\"contentUrl\":\"http:\/\/jonathanfavorel.fr\/wp-content\/uploads\/2024\/07\/Wonderwoman-1024x576.jpg\"},{\"@type\":\"BreadcrumbList\",\"@id\":\"https:\/\/www.jonathanfavorel.fr\/?page_id=126#breadcrumb\",\"itemListElement\":[{\"@type\":\"ListItem\",\"position\":1,\"name\":\"Accueil\",\"item\":\"https:\/\/www.jonathanfavorel.fr\/\"},{\"@type\":\"ListItem\",\"position\":2,\"name\":\"Th\u00e9\u00e2tre\"}]},{\"@type\":\"WebSite\",\"@id\":\"https:\/\/www.jonathanfavorel.fr\/#website\",\"url\":\"https:\/\/www.jonathanfavorel.fr\/\",\"name\":\"Jonathan Favorel\",\"description\":\"R\u00e9alisation Vid\u00e9o \/ Postproduction\",\"potentialAction\":[{\"@type\":\"SearchAction\",\"target\":{\"@type\":\"EntryPoint\",\"urlTemplate\":\"https:\/\/www.jonathanfavorel.fr\/?s={search_term_string}\"},\"query-input\":{\"@type\":\"PropertyValueSpecification\",\"valueRequired\":true,\"valueName\":\"search_term_string\"}}],\"inLanguage\":\"fr-FR\"}]}<\/script>\n<!-- \/ Yoast SEO plugin. -->","yoast_head_json":{"title":"Th\u00e9\u00e2tre - Jonathan Favorel","robots":{"index":"index","follow":"follow","max-snippet":"max-snippet:-1","max-image-preview":"max-image-preview:large","max-video-preview":"max-video-preview:-1"},"canonical":"https:\/\/www.jonathanfavorel.fr\/?page_id=126","og_locale":"fr_FR","og_type":"article","og_title":"Th\u00e9\u00e2tre - Jonathan Favorel","og_description":"Le Joueur d&rsquo;Echecs et l&rsquo;Institut du Monde Arabe Images &#8211; Montage: Jonathan Favorel Le Mus\u00e9e Picasso et les Fourberies de Scapin Images &#8211; Montage: Jonathan Favorel L&rsquo;Avare de Moli\u00e8re et le Panth\u00e9on Images &#8211; Montage: Jonathan Favorel Le Malade Imaginaire de Moli\u00e8re et le Ch\u00e2teau de Fontainebleau Images &#8211; Montage: Jonathan Favorel On s&rsquo;est rencontr\u00e9 [&hellip;]","og_url":"https:\/\/www.jonathanfavorel.fr\/?page_id=126","og_site_name":"Jonathan Favorel","article_modified_time":"2024-07-25T16:10:40+00:00","og_image":[{"url":"http:\/\/jonathanfavorel.fr\/wp-content\/uploads\/2024\/07\/Wonderwoman-1024x576.jpg","type":"","width":"","height":""}],"twitter_card":"summary_large_image","twitter_misc":{"Dur\u00e9e de lecture estim\u00e9e":"4 minutes"},"schema":{"@context":"https:\/\/schema.org","@graph":[{"@type":"WebPage","@id":"https:\/\/www.jonathanfavorel.fr\/?page_id=126","url":"https:\/\/www.jonathanfavorel.fr\/?page_id=126","name":"Th\u00e9\u00e2tre - Jonathan Favorel","isPartOf":{"@id":"https:\/\/www.jonathanfavorel.fr\/#website"},"primaryImageOfPage":{"@id":"https:\/\/www.jonathanfavorel.fr\/?page_id=126#primaryimage"},"image":{"@id":"https:\/\/www.jonathanfavorel.fr\/?page_id=126#primaryimage"},"thumbnailUrl":"http:\/\/jonathanfavorel.fr\/wp-content\/uploads\/2024\/07\/Wonderwoman-1024x576.jpg","datePublished":"2024-07-01T11:48:59+00:00","dateModified":"2024-07-25T16:10:40+00:00","breadcrumb":{"@id":"https:\/\/www.jonathanfavorel.fr\/?page_id=126#breadcrumb"},"inLanguage":"fr-FR","potentialAction":[{"@type":"ReadAction","target":["https:\/\/www.jonathanfavorel.fr\/?page_id=126"]}]},{"@type":"ImageObject","inLanguage":"fr-FR","@id":"https:\/\/www.jonathanfavorel.fr\/?page_id=126#primaryimage","url":"http:\/\/jonathanfavorel.fr\/wp-content\/uploads\/2024\/07\/Wonderwoman-1024x576.jpg","contentUrl":"http:\/\/jonathanfavorel.fr\/wp-content\/uploads\/2024\/07\/Wonderwoman-1024x576.jpg"},{"@type":"BreadcrumbList","@id":"https:\/\/www.jonathanfavorel.fr\/?page_id=126#breadcrumb","itemListElement":[{"@type":"ListItem","position":1,"name":"Accueil","item":"https:\/\/www.jonathanfavorel.fr\/"},{"@type":"ListItem","position":2,"name":"Th\u00e9\u00e2tre"}]},{"@type":"WebSite","@id":"https:\/\/www.jonathanfavorel.fr\/#website","url":"https:\/\/www.jonathanfavorel.fr\/","name":"Jonathan Favorel","description":"R\u00e9alisation Vid\u00e9o \/ Postproduction","potentialAction":[{"@type":"SearchAction","target":{"@type":"EntryPoint","urlTemplate":"https:\/\/www.jonathanfavorel.fr\/?s={search_term_string}"},"query-input":{"@type":"PropertyValueSpecification","valueRequired":true,"valueName":"search_term_string"}}],"inLanguage":"fr-FR"}]}},"jetpack_sharing_enabled":true,"_links":{"self":[{"href":"https:\/\/www.jonathanfavorel.fr\/index.php?rest_route=\/wp\/v2\/pages\/126","targetHints":{"allow":["GET"]}}],"collection":[{"href":"https:\/\/www.jonathanfavorel.fr\/index.php?rest_route=\/wp\/v2\/pages"}],"about":[{"href":"https:\/\/www.jonathanfavorel.fr\/index.php?rest_route=\/wp\/v2\/types\/page"}],"author":[{"embeddable":true,"href":"https:\/\/www.jonathanfavorel.fr\/index.php?rest_route=\/wp\/v2\/users\/1"}],"replies":[{"embeddable":true,"href":"https:\/\/www.jonathanfavorel.fr\/index.php?rest_route=%2Fwp%2Fv2%2Fcomments&post=126"}],"version-history":[{"count":61,"href":"https:\/\/www.jonathanfavorel.fr\/index.php?rest_route=\/wp\/v2\/pages\/126\/revisions"}],"predecessor-version":[{"id":964,"href":"https:\/\/www.jonathanfavorel.fr\/index.php?rest_route=\/wp\/v2\/pages\/126\/revisions\/964"}],"wp:attachment":[{"href":"https:\/\/www.jonathanfavorel.fr\/index.php?rest_route=%2Fwp%2Fv2%2Fmedia&parent=126"}],"curies":[{"name":"wp","href":"https:\/\/api.w.org\/{rel}","templated":true}]}}